{"id":34348,"date":"2023-05-29T10:08:48","date_gmt":"2023-05-29T08:08:48","guid":{"rendered":"https:\/\/uraevents.com\/?page_id=34348"},"modified":"2023-05-29T10:10:07","modified_gmt":"2023-05-29T08:10:07","slug":"uranews-la-fete-des-meres","status":"publish","type":"page","link":"https:\/\/uraevents.com\/en\/uranews-la-fete-des-meres\/","title":{"rendered":"URA NEWS &#8211; LA F\u00caTE DES M\u00c8RES"},"content":{"rendered":"<p>[et_pb_section fb_built=\u00a0\u00bb1&Prime; _builder_version=\u00a0\u00bb4.19.2&Prime; _module_preset=\u00a0\u00bbdefault\u00a0\u00bb da_disable_devices=\u00a0\u00bboff|off|off\u00a0\u00bb global_colors_info=\u00a0\u00bb{}\u00a0\u00bb da_is_popup=\u00a0\u00bboff\u00a0\u00bb da_exit_intent=\u00a0\u00bboff\u00a0\u00bb da_has_close=\u00a0\u00bbon\u00a0\u00bb da_alt_close=\u00a0\u00bboff\u00a0\u00bb da_dark_close=\u00a0\u00bboff\u00a0\u00bb da_not_modal=\u00a0\u00bbon\u00a0\u00bb da_is_singular=\u00a0\u00bboff\u00a0\u00bb da_with_loader=\u00a0\u00bboff\u00a0\u00bb da_has_shadow=\u00a0\u00bbon\u00a0\u00bb][et_pb_row _builder_version=\u00a0\u00bb4.19.2&Prime; _module_preset=\u00a0\u00bbdefault\u00a0\u00bb custom_margin=\u00a0\u00bb||||false|false\u00a0\u00bb custom_margin_tablet=\u00a0\u00bb||||false|false\u00a0\u00bb custom_margin_phone=\u00a0\u00bb||||false|false\u00a0\u00bb custom_margin_last_edited=\u00a0\u00bbon|phone\u00a0\u00bb global_colors_info=\u00a0\u00bb{}\u00a0\u00bb][et_pb_column type=\u00a0\u00bb4_4&Prime; _builder_version=\u00a0\u00bb4.19.2&Prime; _module_preset=\u00a0\u00bbdefault\u00a0\u00bb global_colors_info=\u00a0\u00bb{}\u00a0\u00bb][et_pb_text _builder_version=\u00a0\u00bb4.19.2&Prime; _module_preset=\u00a0\u00bbdefault\u00a0\u00bb text_font=\u00a0\u00bbTAN BUSTER||||||||\u00a0\u00bb text_text_color=\u00a0\u00bb#0a0a0a\u00a0\u00bb text_font_size=\u00a0\u00bb30px\u00a0\u00bb text_line_height=\u00a0\u00bb1.8em\u00a0\u00bb custom_margin_tablet=\u00a0\u00bb\u00a0\u00bb custom_margin_phone=\u00a0\u00bb|-10px||-10px|false|false\u00a0\u00bb custom_margin_last_edited=\u00a0\u00bbon|phone\u00a0\u00bb hover_enabled=\u00a0\u00bb0&Prime; text_font_size_tablet=\u00a0\u00bb35px\u00a0\u00bb text_font_size_phone=\u00a0\u00bb25px\u00a0\u00bb text_font_size_last_edited=\u00a0\u00bbon|phone\u00a0\u00bb text_line_height_tablet=\u00a0\u00bb1.8em\u00a0\u00bb text_line_height_phone=\u00a0\u00bb1.2em\u00a0\u00bb text_line_height_last_edited=\u00a0\u00bbon|phone\u00a0\u00bb text_orientation_tablet=\u00a0\u00bb\u00a0\u00bb text_orientation_phone=\u00a0\u00bbleft\u00a0\u00bb text_orientation_last_edited=\u00a0\u00bbon|phone\u00a0\u00bb global_colors_info=\u00a0\u00bb{}\u00a0\u00bb sticky_enabled=\u00a0\u00bb0&Prime;]<\/p>\n<p><b>URA NEWS &#8211; LA F\u00caTE DES M\u00c8RES<\/b><\/p>\n<p>[\/et_pb_text][et_pb_text _builder_version=\u00a0\u00bb4.19.2&Prime; _module_preset=\u00a0\u00bbdefault\u00a0\u00bb text_font=\u00a0\u00bbTAN ANGLETON||||||||\u00a0\u00bb text_text_color=\u00a0\u00bb#878787&Prime; custom_margin_tablet=\u00a0\u00bb\u00a0\u00bb custom_margin_phone=\u00a0\u00bb|-10px||-10px|false|false\u00a0\u00bb custom_margin_last_edited=\u00a0\u00bbon|phone\u00a0\u00bb hover_enabled=\u00a0\u00bb0&Prime; text_font_size_tablet=\u00a0\u00bb\u00a0\u00bb text_font_size_phone=\u00a0\u00bb12px\u00a0\u00bb text_font_size_last_edited=\u00a0\u00bbon|phone\u00a0\u00bb global_colors_info=\u00a0\u00bb{}\u00a0\u00bb sticky_enabled=\u00a0\u00bb0&Prime;]<\/p>\n<p><span>par Ura Events l 26 Mai 2023 l NEWS<\/span><\/p>\n<p>[\/et_pb_text][et_pb_image src=\u00a0\u00bbhttps:\/\/uraevents.com\/wp-content\/uploads\/2023\/05\/Capture-decran-2023-05-29-a-10.03.53.png\u00a0\u00bb title_text=\u00a0\u00bbpexels-lisa-fotios-1092671&Prime; _builder_version=\u00a0\u00bb4.19.2&Prime; _module_preset=\u00a0\u00bbdefault\u00a0\u00bb custom_margin_tablet=\u00a0\u00bb\u00a0\u00bb custom_margin_phone=\u00a0\u00bb|-10px||-10px|false|false\u00a0\u00bb custom_margin_last_edited=\u00a0\u00bbon|phone\u00a0\u00bb hover_enabled=\u00a0\u00bb0&Prime; global_colors_info=\u00a0\u00bb{}\u00a0\u00bb sticky_enabled=\u00a0\u00bb0&Prime;][\/et_pb_image][\/et_pb_column][\/et_pb_row][et_pb_row _builder_version=\u00a0\u00bb4.19.2&Prime; _module_preset=\u00a0\u00bbdefault\u00a0\u00bb global_colors_info=\u00a0\u00bb{}\u00a0\u00bb][et_pb_column type=\u00a0\u00bb4_4&Prime; _builder_version=\u00a0\u00bb4.19.2&Prime; _module_preset=\u00a0\u00bbdefault\u00a0\u00bb global_colors_info=\u00a0\u00bb{}\u00a0\u00bb][et_pb_text _builder_version=\u00a0\u00bb4.19.2&Prime; _module_preset=\u00a0\u00bbdefault\u00a0\u00bb text_font=\u00a0\u00bbTAN ANGLETON||||||||\u00a0\u00bb text_text_color=\u00a0\u00bb#0a0a0a\u00a0\u00bb text_orientation=\u00a0\u00bbjustified\u00a0\u00bb custom_margin_tablet=\u00a0\u00bb\u00a0\u00bb custom_margin_phone=\u00a0\u00bb|-10px||-10px|false|false\u00a0\u00bb custom_margin_last_edited=\u00a0\u00bbon|phone\u00a0\u00bb custom_padding_tablet=\u00a0\u00bb\u00a0\u00bb custom_padding_phone=\u00a0\u00bb\u00a0\u00bb custom_padding_last_edited=\u00a0\u00bbon|phone\u00a0\u00bb hover_enabled=\u00a0\u00bb0&Prime; global_colors_info=\u00a0\u00bb{}\u00a0\u00bb sticky_enabled=\u00a0\u00bb0&Prime;]<\/p>\n<div class=\"page\" title=\"Page 1\">\n<div class=\"section\">\n<div class=\"layoutArea\">\n<div class=\"column\">\n<p><span>Dans le Ura News de cette semaine, de\u0301couvrez notre e\u0301dition spe\u0301ciale \u00ab\u00a0Fe\u0302te des me\u0300res\u00a0\u00bb de\u0301die\u0301e autant aux marques qu&rsquo;aux cre\u0301ateurs de contenus. <\/span><\/p>\n<p><span>Car oui c&rsquo;est le rendez-vous incontournable de l&rsquo;anne\u0301e pour le marketing d&rsquo;influence !<\/span><\/p>\n<p><span><\/span><\/p>\n<p><span><\/span><\/p>\n<p><strong>3 CAMPAGNES DE MARKETING D&rsquo;INFLUENCE POUR LES MAMANS <\/strong><\/p>\n<p><span><\/span><\/p>\n<p><span>Pour l\u2019occasion, l&rsquo;anne\u0301e dernie\u0300re Kenzo avait choisi de mettre en avant son parfum a\u0300 travers les cre\u0301ateurs de contenus. L&rsquo;Instagrameuse Alexandra Guerain et sa fille sont le parfait exemple de cette collaboration me\u0300re-fille pleine de complicite\u0301.<\/span><span><\/span><\/p>\n<p><span><\/span><\/p>\n<p><span>Mais qui dit parfum dit aussi bijoux ! Le cre\u0301ateur de contenu Julien Geloe\u0308n collabore depuis des anne\u0301es avec Histoire d\u2019Or pour des e\u0301ve\u0301nements importants durant toute l\u2019anne\u0301e comme celui- ci. Cette anne\u0301e, il met a\u0300 l\u2019honneur sa maman dans une vide\u0301o since\u0300re et touchante.<\/span><\/p>\n<p><span><\/span><\/p>\n<p><span>Apre\u0300s les bijoux, pourquoi pas les fleurs ? Qu&rsquo;est-ce qu&rsquo;elles sont ga\u0302te\u0301es !<\/span><\/p>\n<p><span><\/span><\/p>\n<p><span>Interflora est bien place\u0301 pour le savoir. La marque a de\u0301cide\u0301 de miser sur les cre\u0301ateurs de contenus sur les plateformes telles que Instagram et TikTok. Pour fe\u0302ter cette journe\u0301e, Tony Czh a imagine\u0301 ce partenariat en plusieurs vide\u0301os micro-trottoir pour son compte, mais aussi celui de la marque.<\/span><\/p>\n<p><span><\/span><\/p>\n<p><span>Vous l&rsquo;aurez compris, le marketing d\u2019influence prend de plus en plus d\u2019ampleur aupre\u0300s des marques pour immortaliser et communiquer sur l\u2019e\u0301ve\u0301nement.<\/span><\/p>\n<p><span><\/span><\/p>\n<p><span>Un pari qui s\u2019est annonce\u0301 gagnant pour ces marques, alors pourquoi pas vous ?<\/span><\/p>\n<p><span><\/span><\/p>\n<p><span>Voici quelques ide\u0301es inspirantes de contenus pour pre\u0301parer vos collaborations de l\u2019anne\u0301e prochaine :<\/span><\/p>\n<p><span><\/span><\/p>\n<p><strong>Alexandra Guerain et Kenzo :<\/strong><\/p>\n<p><span style=\"text-decoration: underline;\"><span style=\"color: #000000;\"><a href=\"https:\/\/www.instagram.com\/reel\/CsRcpl9OpFn\/?%20utm_source=ig_embed&amp;utm_campaign=loading\" style=\"color: #000000; text-decoration: underline;\">https:\/\/www.instagram.com\/reel\/CsRcpl9OpFn\/? utm_source=ig_embed&amp;utm_campaign=loading<\/a><\/span><\/span><\/p>\n<p><span><br \/><\/span><strong>Julien Geloe\u0308n et Histoire d&rsquo;Or :<\/strong><\/p>\n<p><span style=\"text-decoration: underline; color: #000000;\"><a href=\"https:\/\/www.instagram.com\/reel\/Csa-3AdAn2H\/?%20utm_source=ig_web_copy_link&amp;igshid=MzRlODBiNWFlZA==\" style=\"color: #000000; text-decoration: underline;\">https:\/\/www.instagram.com\/reel\/Csa-3AdAn2H\/? utm_source=ig_web_copy_link&amp;igshid=MzRlODBiNWFlZA==<\/a><\/span><\/p>\n<p><span><\/span><\/p>\n<p><strong>Tony Czh et Interflora :<\/strong><\/p>\n<p><span style=\"text-decoration: underline; color: #000000;\"><a href=\"https:\/\/www.tiktok.com\/@interflorafrance\/video\/7101601025118752006?%20is_from_webapp=1&amp;sender_device=pc&amp;web_id=7210072498447697413\" style=\"color: #000000; text-decoration: underline;\">https:\/\/www.tiktok.com\/@interflorafrance\/video\/7101601025118752006? is_from_webapp=1&amp;sender_device=pc&amp;web_id=7210072498447697413<\/a><\/span><\/p>\n<p><span><\/span><\/p>\n<p><span>Cet article t\u2019a plu ? Retrouve chaque semaine un nouvel article sur le Ura Mag pour devenir expert en influence. Et pour ne rien rater de nos actus, rendez vous sur nos re\u0301seaux sociaux !<\/span><\/p>\n<p><span><\/span><\/p>\n<p><span><\/span><\/p>\n<\/div>\n<\/div>\n<div class=\"layoutArea\">\n<div class=\"column\">\n<p><strong>La Ura Team <\/strong><\/p>\n<\/div>\n<\/div>\n<\/div>\n<\/div>\n<p>[\/et_pb_text][\/et_pb_column][\/et_pb_row][\/et_pb_section]<\/p>","protected":false},"excerpt":{"rendered":"<p>URA NEWS &#8211; LA F\u00caTE DES M\u00c8RESpar Ura Events l 26 Mai 2023 l NEWS Dans le Ura News de cette semaine, de\u0301couvrez notre e\u0301dition spe\u0301ciale \u00ab\u00a0Fe\u0302te des me\u0300res\u00a0\u00bb de\u0301die\u0301e autant aux marques qu&rsquo;aux cre\u0301ateurs de contenus. Car oui c&rsquo;est le rendez-vous incontournable de l&rsquo;anne\u0301e pour le marketing d&rsquo;influence ! 3 CAMPAGNES DE MARKETING D&rsquo;INFLUENCE [&hellip;]<\/p>","protected":false},"author":1,"featured_media":0,"parent":0,"menu_order":0,"comment_status":"closed","ping_status":"closed","template":"","meta":{"_et_pb_use_builder":"on","_et_pb_old_content":"","_et_gb_content_width":"","footnotes":""},"class_list":["post-34348","page","type-page","status-publish","hentry"],"yoast_head":"<!-- This site is optimized with the Yoast SEO plugin v20.9 - https:\/\/yoast.com\/wordpress\/plugins\/seo\/ -->\n<title>5 astuces pour optimiser ta bio Instagram<\/title>\n<meta name=\"description\" content=\"Une bio Instagram, c\u2019est quoi ? C\u2019est une des premi\u00e8res infos qu\u2019on voit en arrivant sur ton profil Instagram. C\u2019est un court r\u00e9sum\u00e9 de toi m\u00eame ou de ta marque, comme la vitrine de ton compte : la soigner est primordial pour engager l\u2019audience et optimiser ton r\u00e9f\u00e9rencement.\" \/>\n<meta name=\"robots\" content=\"index, follow, max-snippet:-1, max-image-preview:large, max-video-preview:-1\" \/>\n<link rel=\"canonical\" href=\"http:\/\/uraevents.com\/en\/uranews-la-fete-des-meres\/\" \/>\n<meta property=\"og:locale\" content=\"en_US\" \/>\n<meta property=\"og:type\" content=\"article\" \/>\n<meta property=\"og:title\" content=\"5 astuces pour optimiser ta bio Instagram\" \/>\n<meta property=\"og:description\" content=\"Une bio Instagram, c\u2019est quoi ? C\u2019est une des premi\u00e8res infos qu\u2019on voit en arrivant sur ton profil Instagram. C\u2019est un court r\u00e9sum\u00e9 de toi m\u00eame ou de ta marque, comme la vitrine de ton compte : la soigner est primordial pour engager l\u2019audience et optimiser ton r\u00e9f\u00e9rencement.\" \/>\n<meta property=\"og:url\" content=\"http:\/\/uraevents.com\/en\/uranews-la-fete-des-meres\/\" \/>\n<meta property=\"og:site_name\" content=\"URAEVENTS\" \/>\n<meta property=\"article:modified_time\" content=\"2023-05-29T08:10:07+00:00\" \/>\n<meta name=\"twitter:card\" content=\"summary_large_image\" \/>\n<meta name=\"twitter:label1\" content=\"Est. reading time\" \/>\n\t<meta name=\"twitter:data1\" content=\"3 minutes\" \/>\n<script type=\"application\/ld+json\" class=\"yoast-schema-graph\">{\"@context\":\"https:\/\/schema.org\",\"@graph\":[{\"@type\":\"WebPage\",\"@id\":\"http:\/\/uraevents.com\/en\/uranews-la-fete-des-meres\/\",\"url\":\"http:\/\/uraevents.com\/en\/uranews-la-fete-des-meres\/\",\"name\":\"5 astuces pour optimiser ta bio Instagram\",\"isPartOf\":{\"@id\":\"http:\/\/uraevents.com\/#website\"},\"datePublished\":\"2023-05-29T08:08:48+00:00\",\"dateModified\":\"2023-05-29T08:10:07+00:00\",\"description\":\"Une bio Instagram, c\u2019est quoi ? C\u2019est une des premi\u00e8res infos qu\u2019on voit en arrivant sur ton profil Instagram. C\u2019est un court r\u00e9sum\u00e9 de toi m\u00eame ou de ta marque, comme la vitrine de ton compte : la soigner est primordial pour engager l\u2019audience et optimiser ton r\u00e9f\u00e9rencement.\",\"breadcrumb\":{\"@id\":\"http:\/\/uraevents.com\/en\/uranews-la-fete-des-meres\/#breadcrumb\"},\"inLanguage\":\"en-US\",\"potentialAction\":[{\"@type\":\"ReadAction\",\"target\":[\"http:\/\/uraevents.com\/en\/uranews-la-fete-des-meres\/\"]}]},{\"@type\":\"BreadcrumbList\",\"@id\":\"http:\/\/uraevents.com\/en\/uranews-la-fete-des-meres\/#breadcrumb\",\"itemListElement\":[{\"@type\":\"ListItem\",\"position\":1,\"name\":\"Accueil\",\"item\":\"http:\/\/uraevents.com\/\"},{\"@type\":\"ListItem\",\"position\":2,\"name\":\"URA NEWS &#8211; LA F\u00caTE DES M\u00c8RES\"}]},{\"@type\":\"WebSite\",\"@id\":\"http:\/\/uraevents.com\/#website\",\"url\":\"http:\/\/uraevents.com\/\",\"name\":\"URAEVENTS\",\"description\":\"\",\"potentialAction\":[{\"@type\":\"SearchAction\",\"target\":{\"@type\":\"EntryPoint\",\"urlTemplate\":\"http:\/\/uraevents.com\/?s={search_term_string}\"},\"query-input\":\"required name=search_term_string\"}],\"inLanguage\":\"en-US\"}]}<\/script>\n<!-- \/ Yoast SEO plugin. -->","yoast_head_json":{"title":"5 astuces pour optimiser ta bio Instagram","description":"Une bio Instagram, c\u2019est quoi ? C\u2019est une des premi\u00e8res infos qu\u2019on voit en arrivant sur ton profil Instagram. C\u2019est un court r\u00e9sum\u00e9 de toi m\u00eame ou de ta marque, comme la vitrine de ton compte : la soigner est primordial pour engager l\u2019audience et optimiser ton r\u00e9f\u00e9rencement.","robots":{"index":"index","follow":"follow","max-snippet":"max-snippet:-1","max-image-preview":"max-image-preview:large","max-video-preview":"max-video-preview:-1"},"canonical":"http:\/\/uraevents.com\/en\/uranews-la-fete-des-meres\/","og_locale":"en_US","og_type":"article","og_title":"5 astuces pour optimiser ta bio Instagram","og_description":"Une bio Instagram, c\u2019est quoi ? C\u2019est une des premi\u00e8res infos qu\u2019on voit en arrivant sur ton profil Instagram. C\u2019est un court r\u00e9sum\u00e9 de toi m\u00eame ou de ta marque, comme la vitrine de ton compte : la soigner est primordial pour engager l\u2019audience et optimiser ton r\u00e9f\u00e9rencement.","og_url":"http:\/\/uraevents.com\/en\/uranews-la-fete-des-meres\/","og_site_name":"URAEVENTS","article_modified_time":"2023-05-29T08:10:07+00:00","twitter_card":"summary_large_image","twitter_misc":{"Est. reading time":"3 minutes"},"schema":{"@context":"https:\/\/schema.org","@graph":[{"@type":"WebPage","@id":"http:\/\/uraevents.com\/en\/uranews-la-fete-des-meres\/","url":"http:\/\/uraevents.com\/en\/uranews-la-fete-des-meres\/","name":"5 astuces pour optimiser ta bio Instagram","isPartOf":{"@id":"http:\/\/uraevents.com\/#website"},"datePublished":"2023-05-29T08:08:48+00:00","dateModified":"2023-05-29T08:10:07+00:00","description":"Une bio Instagram, c\u2019est quoi ? C\u2019est une des premi\u00e8res infos qu\u2019on voit en arrivant sur ton profil Instagram. C\u2019est un court r\u00e9sum\u00e9 de toi m\u00eame ou de ta marque, comme la vitrine de ton compte : la soigner est primordial pour engager l\u2019audience et optimiser ton r\u00e9f\u00e9rencement.","breadcrumb":{"@id":"http:\/\/uraevents.com\/en\/uranews-la-fete-des-meres\/#breadcrumb"},"inLanguage":"en-US","potentialAction":[{"@type":"ReadAction","target":["http:\/\/uraevents.com\/en\/uranews-la-fete-des-meres\/"]}]},{"@type":"BreadcrumbList","@id":"http:\/\/uraevents.com\/en\/uranews-la-fete-des-meres\/#breadcrumb","itemListElement":[{"@type":"ListItem","position":1,"name":"Accueil","item":"http:\/\/uraevents.com\/"},{"@type":"ListItem","position":2,"name":"URA NEWS &#8211; LA F\u00caTE DES M\u00c8RES"}]},{"@type":"WebSite","@id":"http:\/\/uraevents.com\/#website","url":"http:\/\/uraevents.com\/","name":"URAEVENTS","description":"","potentialAction":[{"@type":"SearchAction","target":{"@type":"EntryPoint","urlTemplate":"http:\/\/uraevents.com\/?s={search_term_string}"},"query-input":"required name=search_term_string"}],"inLanguage":"en-US"}]}},"_links":{"self":[{"href":"https:\/\/uraevents.com\/en\/wp-json\/wp\/v2\/pages\/34348","targetHints":{"allow":["GET"]}}],"collection":[{"href":"https:\/\/uraevents.com\/en\/wp-json\/wp\/v2\/pages"}],"about":[{"href":"https:\/\/uraevents.com\/en\/wp-json\/wp\/v2\/types\/page"}],"author":[{"embeddable":true,"href":"https:\/\/uraevents.com\/en\/wp-json\/wp\/v2\/users\/1"}],"replies":[{"embeddable":true,"href":"https:\/\/uraevents.com\/en\/wp-json\/wp\/v2\/comments?post=34348"}],"version-history":[{"count":2,"href":"https:\/\/uraevents.com\/en\/wp-json\/wp\/v2\/pages\/34348\/revisions"}],"predecessor-version":[{"id":34353,"href":"https:\/\/uraevents.com\/en\/wp-json\/wp\/v2\/pages\/34348\/revisions\/34353"}],"wp:attachment":[{"href":"https:\/\/uraevents.com\/en\/wp-json\/wp\/v2\/media?parent=34348"}],"curies":[{"name":"wp","href":"https:\/\/api.w.org\/{rel}","templated":true}]}}