{"id":34337,"date":"2023-05-26T16:08:27","date_gmt":"2023-05-26T14:08:27","guid":{"rendered":"https:\/\/uraevents.com\/?page_id=34337"},"modified":"2023-05-26T16:19:35","modified_gmt":"2023-05-26T14:19:35","slug":"les-hashtags-beaute-qui-cartonnent","status":"publish","type":"page","link":"https:\/\/uraevents.com\/en\/les-hashtags-beaute-qui-cartonnent\/","title":{"rendered":"LES HASHTAGS BEAUT\u00c9 QUI CARTONNENT"},"content":{"rendered":"<p>[et_pb_section fb_built=\u00a0\u00bb1&Prime; _builder_version=\u00a0\u00bb4.19.2&Prime; _module_preset=\u00a0\u00bbdefault\u00a0\u00bb da_disable_devices=\u00a0\u00bboff|off|off\u00a0\u00bb global_colors_info=\u00a0\u00bb{}\u00a0\u00bb da_is_popup=\u00a0\u00bboff\u00a0\u00bb da_exit_intent=\u00a0\u00bboff\u00a0\u00bb da_has_close=\u00a0\u00bbon\u00a0\u00bb da_alt_close=\u00a0\u00bboff\u00a0\u00bb da_dark_close=\u00a0\u00bboff\u00a0\u00bb da_not_modal=\u00a0\u00bbon\u00a0\u00bb da_is_singular=\u00a0\u00bboff\u00a0\u00bb da_with_loader=\u00a0\u00bboff\u00a0\u00bb da_has_shadow=\u00a0\u00bbon\u00a0\u00bb][et_pb_row _builder_version=\u00a0\u00bb4.19.2&Prime; _module_preset=\u00a0\u00bbdefault\u00a0\u00bb custom_margin=\u00a0\u00bb||||false|false\u00a0\u00bb custom_margin_tablet=\u00a0\u00bb||||false|false\u00a0\u00bb custom_margin_phone=\u00a0\u00bb||||false|false\u00a0\u00bb custom_margin_last_edited=\u00a0\u00bbon|phone\u00a0\u00bb global_colors_info=\u00a0\u00bb{}\u00a0\u00bb][et_pb_column type=\u00a0\u00bb4_4&Prime; _builder_version=\u00a0\u00bb4.19.2&Prime; _module_preset=\u00a0\u00bbdefault\u00a0\u00bb global_colors_info=\u00a0\u00bb{}\u00a0\u00bb][et_pb_text _builder_version=\u00a0\u00bb4.19.2&Prime; _module_preset=\u00a0\u00bbdefault\u00a0\u00bb text_font=\u00a0\u00bbTAN BUSTER||||||||\u00a0\u00bb text_text_color=\u00a0\u00bb#0a0a0a\u00a0\u00bb text_font_size=\u00a0\u00bb30px\u00a0\u00bb text_line_height=\u00a0\u00bb1.8em\u00a0\u00bb custom_margin_tablet=\u00a0\u00bb\u00a0\u00bb custom_margin_phone=\u00a0\u00bb|-10px||-10px|false|false\u00a0\u00bb custom_margin_last_edited=\u00a0\u00bbon|phone\u00a0\u00bb hover_enabled=\u00a0\u00bb0&Prime; text_font_size_tablet=\u00a0\u00bb35px\u00a0\u00bb text_font_size_phone=\u00a0\u00bb25px\u00a0\u00bb text_font_size_last_edited=\u00a0\u00bbon|phone\u00a0\u00bb text_line_height_tablet=\u00a0\u00bb1.8em\u00a0\u00bb text_line_height_phone=\u00a0\u00bb1.2em\u00a0\u00bb text_line_height_last_edited=\u00a0\u00bbon|phone\u00a0\u00bb text_orientation_tablet=\u00a0\u00bb\u00a0\u00bb text_orientation_phone=\u00a0\u00bbleft\u00a0\u00bb text_orientation_last_edited=\u00a0\u00bbon|phone\u00a0\u00bb global_colors_info=\u00a0\u00bb{}\u00a0\u00bb sticky_enabled=\u00a0\u00bb0&Prime;]<\/p>\n<p><b>LES HASHTAGS BEAUT\u00c9 QUI CARTONNENT<\/b><\/p>\n<p>[\/et_pb_text][et_pb_text _builder_version=\u00a0\u00bb4.19.2&Prime; _module_preset=\u00a0\u00bbdefault\u00a0\u00bb text_font=\u00a0\u00bbTAN ANGLETON||||||||\u00a0\u00bb text_text_color=\u00a0\u00bb#878787&Prime; custom_margin_tablet=\u00a0\u00bb\u00a0\u00bb custom_margin_phone=\u00a0\u00bb|-10px||-10px|false|false\u00a0\u00bb custom_margin_last_edited=\u00a0\u00bbon|phone\u00a0\u00bb hover_enabled=\u00a0\u00bb0&Prime; text_font_size_tablet=\u00a0\u00bb\u00a0\u00bb text_font_size_phone=\u00a0\u00bb12px\u00a0\u00bb text_font_size_last_edited=\u00a0\u00bbon|phone\u00a0\u00bb global_colors_info=\u00a0\u00bb{}\u00a0\u00bb sticky_enabled=\u00a0\u00bb0&Prime;]<\/p>\n<p><span>par Ura Events l 25 Mai 2023 l TIPS<\/span><\/p>\n<p>[\/et_pb_text][et_pb_image src=\u00a0\u00bbhttps:\/\/uraevents.com\/wp-content\/uploads\/2023\/05\/IG-@paolalct-9.png\u00a0\u00bb title_text=\u00a0\u00bbpexels-lisa-fotios-1092671&Prime; _builder_version=\u00a0\u00bb4.19.2&Prime; _module_preset=\u00a0\u00bbdefault\u00a0\u00bb custom_margin_tablet=\u00a0\u00bb\u00a0\u00bb custom_margin_phone=\u00a0\u00bb|-10px||-10px|false|false\u00a0\u00bb custom_margin_last_edited=\u00a0\u00bbon|phone\u00a0\u00bb hover_enabled=\u00a0\u00bb0&Prime; global_colors_info=\u00a0\u00bb{}\u00a0\u00bb sticky_enabled=\u00a0\u00bb0&Prime;][\/et_pb_image][\/et_pb_column][\/et_pb_row][et_pb_row _builder_version=\u00a0\u00bb4.19.2&Prime; _module_preset=\u00a0\u00bbdefault\u00a0\u00bb global_colors_info=\u00a0\u00bb{}\u00a0\u00bb][et_pb_column type=\u00a0\u00bb4_4&Prime; _builder_version=\u00a0\u00bb4.19.2&Prime; _module_preset=\u00a0\u00bbdefault\u00a0\u00bb global_colors_info=\u00a0\u00bb{}\u00a0\u00bb][et_pb_text _builder_version=\u00a0\u00bb4.19.2&Prime; _module_preset=\u00a0\u00bbdefault\u00a0\u00bb text_font=\u00a0\u00bbTAN ANGLETON||||||||\u00a0\u00bb text_text_color=\u00a0\u00bb#0a0a0a\u00a0\u00bb text_orientation=\u00a0\u00bbjustified\u00a0\u00bb custom_margin_tablet=\u00a0\u00bb\u00a0\u00bb custom_margin_phone=\u00a0\u00bb|-10px||-10px|false|false\u00a0\u00bb custom_margin_last_edited=\u00a0\u00bbon|phone\u00a0\u00bb custom_padding_tablet=\u00a0\u00bb\u00a0\u00bb custom_padding_phone=\u00a0\u00bb\u00a0\u00bb custom_padding_last_edited=\u00a0\u00bbon|phone\u00a0\u00bb hover_enabled=\u00a0\u00bb0&Prime; global_colors_info=\u00a0\u00bb{}\u00a0\u00bb sticky_enabled=\u00a0\u00bb0&Prime;]<\/p>\n<div class=\"page\" title=\"Page 1\">\n<div class=\"section\">\n<div class=\"layoutArea\">\n<div class=\"column\">\n<p><span>Dans le Ura Tips de cette semaine, de\u0301couvrez notre se\u0301lection de nouveaux hashtags beaute\u0301 qui me\u0301ritent d\u2019e\u0302tre connus et&#8230; de\u0301code\u0301s !<\/span><\/p>\n<p><span><\/span><\/p>\n<p><span><\/span><\/p>\n<p><strong>C\u0327A FONCTIONNE ? <\/strong><\/p>\n<p><span>Vous vous e\u0302tes su\u0302rement de\u0301ja\u0300 pose\u0301 la question ? Les hashtags fonctionnent-ils encore ? <\/span><\/p>\n<p><span>Ces derniers temps, l&rsquo;efficacite\u0301 des hashtags a e\u0301te\u0301 remise en cause. Ils ont e\u0301te\u0301 juge\u0301s, mis de co\u0302te\u0301 et remplace\u0301s par les nouvelles fonctionnalite\u0301s des re\u0301seaux sociaux. Le de\u0301bat est simple, aujourd&rsquo;hui il y a autant d\u2019hashtags beaute\u0301 que de tendances. <\/span><\/p>\n<p><span>Il est important important de cibler les bons hashtags a\u0300 utiliser. Une nouveaute\u0301 dans le domaine de la beaute\u0301, est re\u0301gulie\u0300rement suivie d\u2019un hashtag (et pas mal de petits fre\u0300res). <\/span><\/p>\n<p><span>Si bien qu\u2019il est facile de rapidement s\u2019y perdre&#8230; <\/span><\/p>\n<p><span>Pour une meilleure utilisation, nous vous avons re\u0301pertorie\u0301 les meilleurs # selon leur the\u0300me et leur secteur :<\/span><\/p>\n<p><span><\/span><\/p>\n<p><strong>Les 10 hashtags populaires : <\/strong><\/p>\n<p><span>#selfcare #selfcaretips #makeuplover #makeuplife #makeuptutorials #skinhealth #beautyobsessed #beautytools #beautyroutine #skincaretips <\/span><\/p>\n<p><span><\/span><\/p>\n<p><strong>Les 10 hashtags en vogue : <\/strong><\/p>\n<p><span>#beaute\u0301 #makeupartist #maquillage #soins #makeuptutorial #makeupaddict #skincareroutine #beautytips #skincareproducts #beautybloggers <\/span><\/p>\n<p><span><\/span><\/p>\n<p><span><\/span><\/p>\n<p><strong>La Ura Team<\/strong><\/p>\n<\/div>\n<\/div>\n<\/div>\n<\/div>\n<p>[\/et_pb_text][\/et_pb_column][\/et_pb_row][\/et_pb_section]<\/p>","protected":false},"excerpt":{"rendered":"<p>LES HASHTAGS BEAUT\u00c9 QUI CARTONNENTpar Ura Events l 25 Mai 2023 l TIPS Dans le Ura Tips de cette semaine, de\u0301couvrez notre se\u0301lection de nouveaux hashtags beaute\u0301 qui me\u0301ritent d\u2019e\u0302tre connus et&#8230; de\u0301code\u0301s ! C\u0327A FONCTIONNE ? Vous vous e\u0302tes su\u0302rement de\u0301ja\u0300 pose\u0301 la question ? Les hashtags fonctionnent-ils encore ? Ces derniers temps, l&rsquo;efficacite\u0301 [&hellip;]<\/p>","protected":false},"author":1,"featured_media":0,"parent":0,"menu_order":0,"comment_status":"closed","ping_status":"closed","template":"","meta":{"_et_pb_use_builder":"on","_et_pb_old_content":"","_et_gb_content_width":"","footnotes":""},"class_list":["post-34337","page","type-page","status-publish","hentry"],"yoast_head":"<!-- This site is optimized with the Yoast SEO plugin v20.9 - https:\/\/yoast.com\/wordpress\/plugins\/seo\/ -->\n<title>5 astuces pour optimiser ta bio Instagram<\/title>\n<meta name=\"description\" content=\"Une bio Instagram, c\u2019est quoi ? C\u2019est une des premi\u00e8res infos qu\u2019on voit en arrivant sur ton profil Instagram. C\u2019est un court r\u00e9sum\u00e9 de toi m\u00eame ou de ta marque, comme la vitrine de ton compte : la soigner est primordial pour engager l\u2019audience et optimiser ton r\u00e9f\u00e9rencement.\" \/>\n<meta name=\"robots\" content=\"index, follow, max-snippet:-1, max-image-preview:large, max-video-preview:-1\" \/>\n<link rel=\"canonical\" href=\"https:\/\/uraevents.com\/en\/les-hashtags-beaute-qui-cartonnent\/\" \/>\n<meta property=\"og:locale\" content=\"en_US\" \/>\n<meta property=\"og:type\" content=\"article\" \/>\n<meta property=\"og:title\" content=\"5 astuces pour optimiser ta bio Instagram\" \/>\n<meta property=\"og:description\" content=\"Une bio Instagram, c\u2019est quoi ? C\u2019est une des premi\u00e8res infos qu\u2019on voit en arrivant sur ton profil Instagram. C\u2019est un court r\u00e9sum\u00e9 de toi m\u00eame ou de ta marque, comme la vitrine de ton compte : la soigner est primordial pour engager l\u2019audience et optimiser ton r\u00e9f\u00e9rencement.\" \/>\n<meta property=\"og:url\" content=\"https:\/\/uraevents.com\/en\/les-hashtags-beaute-qui-cartonnent\/\" \/>\n<meta property=\"og:site_name\" content=\"URAEVENTS\" \/>\n<meta property=\"article:modified_time\" content=\"2023-05-26T14:19:35+00:00\" \/>\n<meta name=\"twitter:card\" content=\"summary_large_image\" \/>\n<meta name=\"twitter:label1\" content=\"Est. reading time\" \/>\n\t<meta name=\"twitter:data1\" content=\"3 minutes\" \/>\n<script type=\"application\/ld+json\" class=\"yoast-schema-graph\">{\"@context\":\"https:\/\/schema.org\",\"@graph\":[{\"@type\":\"WebPage\",\"@id\":\"https:\/\/uraevents.com\/les-hashtags-beaute-qui-cartonnent\/\",\"url\":\"https:\/\/uraevents.com\/les-hashtags-beaute-qui-cartonnent\/\",\"name\":\"5 astuces pour optimiser ta bio Instagram\",\"isPartOf\":{\"@id\":\"http:\/\/uraevents.com\/#website\"},\"datePublished\":\"2023-05-26T14:08:27+00:00\",\"dateModified\":\"2023-05-26T14:19:35+00:00\",\"description\":\"Une bio Instagram, c\u2019est quoi ? C\u2019est une des premi\u00e8res infos qu\u2019on voit en arrivant sur ton profil Instagram. C\u2019est un court r\u00e9sum\u00e9 de toi m\u00eame ou de ta marque, comme la vitrine de ton compte : la soigner est primordial pour engager l\u2019audience et optimiser ton r\u00e9f\u00e9rencement.\",\"breadcrumb\":{\"@id\":\"https:\/\/uraevents.com\/les-hashtags-beaute-qui-cartonnent\/#breadcrumb\"},\"inLanguage\":\"en-US\",\"potentialAction\":[{\"@type\":\"ReadAction\",\"target\":[\"https:\/\/uraevents.com\/les-hashtags-beaute-qui-cartonnent\/\"]}]},{\"@type\":\"BreadcrumbList\",\"@id\":\"https:\/\/uraevents.com\/les-hashtags-beaute-qui-cartonnent\/#breadcrumb\",\"itemListElement\":[{\"@type\":\"ListItem\",\"position\":1,\"name\":\"Accueil\",\"item\":\"http:\/\/uraevents.com\/\"},{\"@type\":\"ListItem\",\"position\":2,\"name\":\"LES HASHTAGS BEAUT\u00c9 QUI CARTONNENT\"}]},{\"@type\":\"WebSite\",\"@id\":\"http:\/\/uraevents.com\/#website\",\"url\":\"http:\/\/uraevents.com\/\",\"name\":\"URAEVENTS\",\"description\":\"\",\"potentialAction\":[{\"@type\":\"SearchAction\",\"target\":{\"@type\":\"EntryPoint\",\"urlTemplate\":\"http:\/\/uraevents.com\/?s={search_term_string}\"},\"query-input\":\"required name=search_term_string\"}],\"inLanguage\":\"en-US\"}]}<\/script>\n<!-- \/ Yoast SEO plugin. -->","yoast_head_json":{"title":"5 astuces pour optimiser ta bio Instagram","description":"Une bio Instagram, c\u2019est quoi ? C\u2019est une des premi\u00e8res infos qu\u2019on voit en arrivant sur ton profil Instagram. C\u2019est un court r\u00e9sum\u00e9 de toi m\u00eame ou de ta marque, comme la vitrine de ton compte : la soigner est primordial pour engager l\u2019audience et optimiser ton r\u00e9f\u00e9rencement.","robots":{"index":"index","follow":"follow","max-snippet":"max-snippet:-1","max-image-preview":"max-image-preview:large","max-video-preview":"max-video-preview:-1"},"canonical":"https:\/\/uraevents.com\/en\/les-hashtags-beaute-qui-cartonnent\/","og_locale":"en_US","og_type":"article","og_title":"5 astuces pour optimiser ta bio Instagram","og_description":"Une bio Instagram, c\u2019est quoi ? C\u2019est une des premi\u00e8res infos qu\u2019on voit en arrivant sur ton profil Instagram. C\u2019est un court r\u00e9sum\u00e9 de toi m\u00eame ou de ta marque, comme la vitrine de ton compte : la soigner est primordial pour engager l\u2019audience et optimiser ton r\u00e9f\u00e9rencement.","og_url":"https:\/\/uraevents.com\/en\/les-hashtags-beaute-qui-cartonnent\/","og_site_name":"URAEVENTS","article_modified_time":"2023-05-26T14:19:35+00:00","twitter_card":"summary_large_image","twitter_misc":{"Est. reading time":"3 minutes"},"schema":{"@context":"https:\/\/schema.org","@graph":[{"@type":"WebPage","@id":"https:\/\/uraevents.com\/les-hashtags-beaute-qui-cartonnent\/","url":"https:\/\/uraevents.com\/les-hashtags-beaute-qui-cartonnent\/","name":"5 astuces pour optimiser ta bio Instagram","isPartOf":{"@id":"http:\/\/uraevents.com\/#website"},"datePublished":"2023-05-26T14:08:27+00:00","dateModified":"2023-05-26T14:19:35+00:00","description":"Une bio Instagram, c\u2019est quoi ? C\u2019est une des premi\u00e8res infos qu\u2019on voit en arrivant sur ton profil Instagram. C\u2019est un court r\u00e9sum\u00e9 de toi m\u00eame ou de ta marque, comme la vitrine de ton compte : la soigner est primordial pour engager l\u2019audience et optimiser ton r\u00e9f\u00e9rencement.","breadcrumb":{"@id":"https:\/\/uraevents.com\/les-hashtags-beaute-qui-cartonnent\/#breadcrumb"},"inLanguage":"en-US","potentialAction":[{"@type":"ReadAction","target":["https:\/\/uraevents.com\/les-hashtags-beaute-qui-cartonnent\/"]}]},{"@type":"BreadcrumbList","@id":"https:\/\/uraevents.com\/les-hashtags-beaute-qui-cartonnent\/#breadcrumb","itemListElement":[{"@type":"ListItem","position":1,"name":"Accueil","item":"http:\/\/uraevents.com\/"},{"@type":"ListItem","position":2,"name":"LES HASHTAGS BEAUT\u00c9 QUI CARTONNENT"}]},{"@type":"WebSite","@id":"http:\/\/uraevents.com\/#website","url":"http:\/\/uraevents.com\/","name":"URAEVENTS","description":"","potentialAction":[{"@type":"SearchAction","target":{"@type":"EntryPoint","urlTemplate":"http:\/\/uraevents.com\/?s={search_term_string}"},"query-input":"required name=search_term_string"}],"inLanguage":"en-US"}]}},"_links":{"self":[{"href":"https:\/\/uraevents.com\/en\/wp-json\/wp\/v2\/pages\/34337","targetHints":{"allow":["GET"]}}],"collection":[{"href":"https:\/\/uraevents.com\/en\/wp-json\/wp\/v2\/pages"}],"about":[{"href":"https:\/\/uraevents.com\/en\/wp-json\/wp\/v2\/types\/page"}],"author":[{"embeddable":true,"href":"https:\/\/uraevents.com\/en\/wp-json\/wp\/v2\/users\/1"}],"replies":[{"embeddable":true,"href":"https:\/\/uraevents.com\/en\/wp-json\/wp\/v2\/comments?post=34337"}],"version-history":[{"count":2,"href":"https:\/\/uraevents.com\/en\/wp-json\/wp\/v2\/pages\/34337\/revisions"}],"predecessor-version":[{"id":34340,"href":"https:\/\/uraevents.com\/en\/wp-json\/wp\/v2\/pages\/34337\/revisions\/34340"}],"wp:attachment":[{"href":"https:\/\/uraevents.com\/en\/wp-json\/wp\/v2\/media?parent=34337"}],"curies":[{"name":"wp","href":"https:\/\/api.w.org\/{rel}","templated":true}]}}