{"id":34321,"date":"2023-05-26T15:50:17","date_gmt":"2023-05-26T13:50:17","guid":{"rendered":"https:\/\/uraevents.com\/?page_id=34321"},"modified":"2023-05-26T15:54:06","modified_gmt":"2023-05-26T13:54:06","slug":"portrait-cassandra-cano","status":"publish","type":"page","link":"https:\/\/uraevents.com\/en\/portrait-cassandra-cano\/","title":{"rendered":"PORTRAIT &#8211; CASSANDRA CANO"},"content":{"rendered":"<p>[et_pb_section fb_built=\u00a0\u00bb1&Prime; _builder_version=\u00a0\u00bb4.19.2&Prime; _module_preset=\u00a0\u00bbdefault\u00a0\u00bb da_disable_devices=\u00a0\u00bboff|off|off\u00a0\u00bb global_colors_info=\u00a0\u00bb{}\u00a0\u00bb da_is_popup=\u00a0\u00bboff\u00a0\u00bb da_exit_intent=\u00a0\u00bboff\u00a0\u00bb da_has_close=\u00a0\u00bbon\u00a0\u00bb da_alt_close=\u00a0\u00bboff\u00a0\u00bb da_dark_close=\u00a0\u00bboff\u00a0\u00bb da_not_modal=\u00a0\u00bbon\u00a0\u00bb da_is_singular=\u00a0\u00bboff\u00a0\u00bb da_with_loader=\u00a0\u00bboff\u00a0\u00bb da_has_shadow=\u00a0\u00bbon\u00a0\u00bb][et_pb_row _builder_version=\u00a0\u00bb4.19.2&Prime; _module_preset=\u00a0\u00bbdefault\u00a0\u00bb global_colors_info=\u00a0\u00bb{}\u00a0\u00bb][et_pb_column type=\u00a0\u00bb4_4&Prime; _builder_version=\u00a0\u00bb4.19.2&Prime; _module_preset=\u00a0\u00bbdefault\u00a0\u00bb global_colors_info=\u00a0\u00bb{}\u00a0\u00bb][et_pb_text _builder_version=\u00a0\u00bb4.19.2&Prime; _module_preset=\u00a0\u00bbdefault\u00a0\u00bb text_font=\u00a0\u00bbTAN BUSTER||||||||\u00a0\u00bb text_text_color=\u00a0\u00bb#0a0a0a\u00a0\u00bb text_font_size=\u00a0\u00bb30px\u00a0\u00bb text_line_height=\u00a0\u00bb1.8em\u00a0\u00bb custom_margin_tablet=\u00a0\u00bb\u00a0\u00bb custom_margin_phone=\u00a0\u00bb|-10px||-10px|false|false\u00a0\u00bb custom_margin_last_edited=\u00a0\u00bbon|phone\u00a0\u00bb hover_enabled=\u00a0\u00bb0&Prime; text_font_size_tablet=\u00a0\u00bb35px\u00a0\u00bb text_font_size_phone=\u00a0\u00bb25px\u00a0\u00bb text_font_size_last_edited=\u00a0\u00bbon|phone\u00a0\u00bb text_line_height_tablet=\u00a0\u00bb1.8em\u00a0\u00bb text_line_height_phone=\u00a0\u00bb1.2em\u00a0\u00bb text_line_height_last_edited=\u00a0\u00bbon|phone\u00a0\u00bb text_orientation_tablet=\u00a0\u00bb\u00a0\u00bb text_orientation_phone=\u00a0\u00bbleft\u00a0\u00bb text_orientation_last_edited=\u00a0\u00bbon|phone\u00a0\u00bb global_colors_info=\u00a0\u00bb{}\u00a0\u00bb sticky_enabled=\u00a0\u00bb0&Prime;]<\/p>\n<p><b>PORTRAIT &#8211; CASSANDRA CANO<\/b><\/p>\n<p>[\/et_pb_text][et_pb_text _builder_version=\u00a0\u00bb4.19.2&Prime; _module_preset=\u00a0\u00bbdefault\u00a0\u00bb text_font=\u00a0\u00bbTAN ANGLETON||||||||\u00a0\u00bb text_text_color=\u00a0\u00bb#878787&Prime; custom_margin_tablet=\u00a0\u00bb\u00a0\u00bb custom_margin_phone=\u00a0\u00bb|-10px||-10px|false|false\u00a0\u00bb custom_margin_last_edited=\u00a0\u00bbon|phone\u00a0\u00bb hover_enabled=\u00a0\u00bb0&Prime; text_font_size_tablet=\u00a0\u00bb\u00a0\u00bb text_font_size_phone=\u00a0\u00bb12px\u00a0\u00bb text_font_size_last_edited=\u00a0\u00bbon|phone\u00a0\u00bb locked=\u00a0\u00bboff\u00a0\u00bb global_colors_info=\u00a0\u00bb{}\u00a0\u00bb sticky_enabled=\u00a0\u00bb0&Prime;]<\/p>\n<p><span>par Ura Events l 05 Janvier 2023 l PORTRAITS<\/span><\/p>\n<p>[\/et_pb_text][et_pb_image src=\u00a0\u00bbhttps:\/\/uraevents.com\/wp-content\/uploads\/2023\/05\/IG-@paolalct-6.png\u00a0\u00bb title_text=\u00a0\u00bbpexels-lisa-fotios-1092671&Prime; _builder_version=\u00a0\u00bb4.19.2&Prime; _module_preset=\u00a0\u00bbdefault\u00a0\u00bb custom_margin_tablet=\u00a0\u00bb\u00a0\u00bb custom_margin_phone=\u00a0\u00bb|-10px||-10px|false|false\u00a0\u00bb custom_margin_last_edited=\u00a0\u00bbon|phone\u00a0\u00bb hover_enabled=\u00a0\u00bb0&Prime; global_colors_info=\u00a0\u00bb{}\u00a0\u00bb sticky_enabled=\u00a0\u00bb0&Prime;][\/et_pb_image][\/et_pb_column][\/et_pb_row][et_pb_row _builder_version=\u00a0\u00bb4.19.2&Prime; _module_preset=\u00a0\u00bbdefault\u00a0\u00bb global_colors_info=\u00a0\u00bb{}\u00a0\u00bb][et_pb_column type=\u00a0\u00bb4_4&Prime; _builder_version=\u00a0\u00bb4.19.2&Prime; _module_preset=\u00a0\u00bbdefault\u00a0\u00bb global_colors_info=\u00a0\u00bb{}\u00a0\u00bb][et_pb_text _builder_version=\u00a0\u00bb4.19.2&Prime; _module_preset=\u00a0\u00bbdefault\u00a0\u00bb text_font=\u00a0\u00bbTAN ANGLETON||||||||\u00a0\u00bb text_text_color=\u00a0\u00bb#0a0a0a\u00a0\u00bb text_orientation=\u00a0\u00bbjustified\u00a0\u00bb custom_margin_tablet=\u00a0\u00bb\u00a0\u00bb custom_margin_phone=\u00a0\u00bb|-10px||-10px|false|false\u00a0\u00bb custom_margin_last_edited=\u00a0\u00bbon|phone\u00a0\u00bb custom_padding_tablet=\u00a0\u00bb\u00a0\u00bb custom_padding_phone=\u00a0\u00bb\u00a0\u00bb custom_padding_last_edited=\u00a0\u00bbon|phone\u00a0\u00bb hover_enabled=\u00a0\u00bb0&Prime; global_colors_info=\u00a0\u00bb{}\u00a0\u00bb sticky_enabled=\u00a0\u00bb0&Prime;]<\/p>\n<p>Dans le Ura Mag de cette semaine, d\u00e9couvrez LA tiktokeuse pr\u00e9f\u00e9r\u00e9e des fran\u00e7ais : Cassandra Cano alias @canocassandra !<\/p>\n<p>&nbsp;<\/p>\n<p><strong>UNE ASCENSCION FULGURANTE<\/strong><\/p>\n<p>Avec plus de 3,5 millions d\u2019abonn\u00e9s sur son compte TikTok, elle conna\u00eet une notori\u00e9t\u00e9 de dingue. Amoureuse de football et de cr\u00e8me glac\u00e9e, elle est tr\u00e8s appr\u00e9ci\u00e9e pour ses vid\u00e9os de danse et de playback. C\u2019est LA cr\u00e9atrice de contenu du moment.<br \/>Si tu ne la suis pas d\u00e9j\u00e0, empresse toi d\u2019aller cliquer sur l\u2019ic\u00f4ne suivre car tu rates quelque chose ! Pourquoi ? Tout simplement pour ses good vibes, son humour et ses vid\u00e9os quotidiennes remplies de spontan\u00e9it\u00e9.<\/p>\n<p>&nbsp;<\/p>\n<p><strong>RIEN NE L\u2019ARR\u00caTE !<\/strong><\/p>\n<p>Voyant son succ\u00e8s sur Tiktok, elle s\u2019est lanc\u00e9 peu de temps apr\u00e8s sur Instagram o\u00f9 en l\u2019espace de 6 mois, elle a r\u00e9ussi \u00e0 charmer son audience et r\u00e9colter plus d\u20191 million d\u2019abonn\u00e9s ! Ses photos sont rythm\u00e9es par ses shootings et ses looks fashion et haute couture.<br \/>Mais comme dit le dicton jamais 2 sans 3, la belle Cassandra s\u2019est \u00e9galement lanc\u00e9e sur la plateforme de l\u2019oiseau bleu, Twitter !<br \/>Elle y partage sa passion pour la mode, le maquillage et ses pens\u00e9es ou anecdotes spontan\u00e9es. Une fa\u00e7on d\u2019\u00eatre toujours plus proche de sa communaut\u00e9 !<br \/>Elle repr\u00e9sente \u00e0 elle seule le nouveau visage de l\u2019influence et un avenir prometteur lui est r\u00e9serv\u00e9\u2026 affaire \u00e0 suivre !<\/p>\n<p>&nbsp;<\/p>\n<p>Cet article t\u2019a plu ? Retrouve chaque semaine un nouvel article sur le Ura Mag pour devenir expert en influence : reste connect\u00e9. Et pour ne rien rater de nos actus, rendez vous sur nos r\u00e9seaux sociaux !<\/p>\n<p>&nbsp;<\/p>\n<p><strong>La Ura Team<\/strong><\/p>\n<p>[\/et_pb_text][\/et_pb_column][\/et_pb_row][\/et_pb_section]<\/p>","protected":false},"excerpt":{"rendered":"<p>PORTRAIT &#8211; CASSANDRA CANOpar Ura Events l 05 Janvier 2023 l PORTRAITSDans le Ura Mag de cette semaine, d\u00e9couvrez LA tiktokeuse pr\u00e9f\u00e9r\u00e9e des fran\u00e7ais : Cassandra Cano alias @canocassandra ! &nbsp; UNE ASCENSCION FULGURANTE Avec plus de 3,5 millions d\u2019abonn\u00e9s sur son compte TikTok, elle conna\u00eet une notori\u00e9t\u00e9 de dingue. Amoureuse de football et de [&hellip;]<\/p>","protected":false},"author":1,"featured_media":0,"parent":0,"menu_order":0,"comment_status":"closed","ping_status":"closed","template":"","meta":{"_et_pb_use_builder":"on","_et_pb_old_content":"","_et_gb_content_width":"","footnotes":""},"class_list":["post-34321","page","type-page","status-publish","hentry"],"yoast_head":"<!-- This site is optimized with the Yoast SEO plugin v20.9 - https:\/\/yoast.com\/wordpress\/plugins\/seo\/ -->\n<title>5 astuces pour optimiser ta bio Instagram<\/title>\n<meta name=\"description\" content=\"Une bio Instagram, c\u2019est quoi ? C\u2019est une des premi\u00e8res infos qu\u2019on voit en arrivant sur ton profil Instagram. C\u2019est un court r\u00e9sum\u00e9 de toi m\u00eame ou de ta marque, comme la vitrine de ton compte : la soigner est primordial pour engager l\u2019audience et optimiser ton r\u00e9f\u00e9rencement.\" \/>\n<meta name=\"robots\" content=\"index, follow, max-snippet:-1, max-image-preview:large, max-video-preview:-1\" \/>\n<link rel=\"canonical\" href=\"https:\/\/uraevents.com\/en\/portrait-cassandra-cano\/\" \/>\n<meta property=\"og:locale\" content=\"en_US\" \/>\n<meta property=\"og:type\" content=\"article\" \/>\n<meta property=\"og:title\" content=\"5 astuces pour optimiser ta bio Instagram\" \/>\n<meta property=\"og:description\" content=\"Une bio Instagram, c\u2019est quoi ? C\u2019est une des premi\u00e8res infos qu\u2019on voit en arrivant sur ton profil Instagram. C\u2019est un court r\u00e9sum\u00e9 de toi m\u00eame ou de ta marque, comme la vitrine de ton compte : la soigner est primordial pour engager l\u2019audience et optimiser ton r\u00e9f\u00e9rencement.\" \/>\n<meta property=\"og:url\" content=\"https:\/\/uraevents.com\/en\/portrait-cassandra-cano\/\" \/>\n<meta property=\"og:site_name\" content=\"URAEVENTS\" \/>\n<meta property=\"article:modified_time\" content=\"2023-05-26T13:54:06+00:00\" \/>\n<meta name=\"twitter:card\" content=\"summary_large_image\" \/>\n<meta name=\"twitter:label1\" content=\"Est. reading time\" \/>\n\t<meta name=\"twitter:data1\" content=\"3 minutes\" \/>\n<script type=\"application\/ld+json\" class=\"yoast-schema-graph\">{\"@context\":\"https:\/\/schema.org\",\"@graph\":[{\"@type\":\"WebPage\",\"@id\":\"https:\/\/uraevents.com\/portrait-cassandra-cano\/\",\"url\":\"https:\/\/uraevents.com\/portrait-cassandra-cano\/\",\"name\":\"5 astuces pour optimiser ta bio Instagram\",\"isPartOf\":{\"@id\":\"http:\/\/uraevents.com\/#website\"},\"datePublished\":\"2023-05-26T13:50:17+00:00\",\"dateModified\":\"2023-05-26T13:54:06+00:00\",\"description\":\"Une bio Instagram, c\u2019est quoi ? C\u2019est une des premi\u00e8res infos qu\u2019on voit en arrivant sur ton profil Instagram. C\u2019est un court r\u00e9sum\u00e9 de toi m\u00eame ou de ta marque, comme la vitrine de ton compte : la soigner est primordial pour engager l\u2019audience et optimiser ton r\u00e9f\u00e9rencement.\",\"breadcrumb\":{\"@id\":\"https:\/\/uraevents.com\/portrait-cassandra-cano\/#breadcrumb\"},\"inLanguage\":\"en-US\",\"potentialAction\":[{\"@type\":\"ReadAction\",\"target\":[\"https:\/\/uraevents.com\/portrait-cassandra-cano\/\"]}]},{\"@type\":\"BreadcrumbList\",\"@id\":\"https:\/\/uraevents.com\/portrait-cassandra-cano\/#breadcrumb\",\"itemListElement\":[{\"@type\":\"ListItem\",\"position\":1,\"name\":\"Accueil\",\"item\":\"http:\/\/uraevents.com\/\"},{\"@type\":\"ListItem\",\"position\":2,\"name\":\"PORTRAIT &#8211; CASSANDRA CANO\"}]},{\"@type\":\"WebSite\",\"@id\":\"http:\/\/uraevents.com\/#website\",\"url\":\"http:\/\/uraevents.com\/\",\"name\":\"URAEVENTS\",\"description\":\"\",\"potentialAction\":[{\"@type\":\"SearchAction\",\"target\":{\"@type\":\"EntryPoint\",\"urlTemplate\":\"http:\/\/uraevents.com\/?s={search_term_string}\"},\"query-input\":\"required name=search_term_string\"}],\"inLanguage\":\"en-US\"}]}<\/script>\n<!-- \/ Yoast SEO plugin. -->","yoast_head_json":{"title":"5 astuces pour optimiser ta bio Instagram","description":"Une bio Instagram, c\u2019est quoi ? C\u2019est une des premi\u00e8res infos qu\u2019on voit en arrivant sur ton profil Instagram. C\u2019est un court r\u00e9sum\u00e9 de toi m\u00eame ou de ta marque, comme la vitrine de ton compte : la soigner est primordial pour engager l\u2019audience et optimiser ton r\u00e9f\u00e9rencement.","robots":{"index":"index","follow":"follow","max-snippet":"max-snippet:-1","max-image-preview":"max-image-preview:large","max-video-preview":"max-video-preview:-1"},"canonical":"https:\/\/uraevents.com\/en\/portrait-cassandra-cano\/","og_locale":"en_US","og_type":"article","og_title":"5 astuces pour optimiser ta bio Instagram","og_description":"Une bio Instagram, c\u2019est quoi ? C\u2019est une des premi\u00e8res infos qu\u2019on voit en arrivant sur ton profil Instagram. C\u2019est un court r\u00e9sum\u00e9 de toi m\u00eame ou de ta marque, comme la vitrine de ton compte : la soigner est primordial pour engager l\u2019audience et optimiser ton r\u00e9f\u00e9rencement.","og_url":"https:\/\/uraevents.com\/en\/portrait-cassandra-cano\/","og_site_name":"URAEVENTS","article_modified_time":"2023-05-26T13:54:06+00:00","twitter_card":"summary_large_image","twitter_misc":{"Est. reading time":"3 minutes"},"schema":{"@context":"https:\/\/schema.org","@graph":[{"@type":"WebPage","@id":"https:\/\/uraevents.com\/portrait-cassandra-cano\/","url":"https:\/\/uraevents.com\/portrait-cassandra-cano\/","name":"5 astuces pour optimiser ta bio Instagram","isPartOf":{"@id":"http:\/\/uraevents.com\/#website"},"datePublished":"2023-05-26T13:50:17+00:00","dateModified":"2023-05-26T13:54:06+00:00","description":"Une bio Instagram, c\u2019est quoi ? C\u2019est une des premi\u00e8res infos qu\u2019on voit en arrivant sur ton profil Instagram. C\u2019est un court r\u00e9sum\u00e9 de toi m\u00eame ou de ta marque, comme la vitrine de ton compte : la soigner est primordial pour engager l\u2019audience et optimiser ton r\u00e9f\u00e9rencement.","breadcrumb":{"@id":"https:\/\/uraevents.com\/portrait-cassandra-cano\/#breadcrumb"},"inLanguage":"en-US","potentialAction":[{"@type":"ReadAction","target":["https:\/\/uraevents.com\/portrait-cassandra-cano\/"]}]},{"@type":"BreadcrumbList","@id":"https:\/\/uraevents.com\/portrait-cassandra-cano\/#breadcrumb","itemListElement":[{"@type":"ListItem","position":1,"name":"Accueil","item":"http:\/\/uraevents.com\/"},{"@type":"ListItem","position":2,"name":"PORTRAIT &#8211; CASSANDRA CANO"}]},{"@type":"WebSite","@id":"http:\/\/uraevents.com\/#website","url":"http:\/\/uraevents.com\/","name":"URAEVENTS","description":"","potentialAction":[{"@type":"SearchAction","target":{"@type":"EntryPoint","urlTemplate":"http:\/\/uraevents.com\/?s={search_term_string}"},"query-input":"required name=search_term_string"}],"inLanguage":"en-US"}]}},"_links":{"self":[{"href":"https:\/\/uraevents.com\/en\/wp-json\/wp\/v2\/pages\/34321","targetHints":{"allow":["GET"]}}],"collection":[{"href":"https:\/\/uraevents.com\/en\/wp-json\/wp\/v2\/pages"}],"about":[{"href":"https:\/\/uraevents.com\/en\/wp-json\/wp\/v2\/types\/page"}],"author":[{"embeddable":true,"href":"https:\/\/uraevents.com\/en\/wp-json\/wp\/v2\/users\/1"}],"replies":[{"embeddable":true,"href":"https:\/\/uraevents.com\/en\/wp-json\/wp\/v2\/comments?post=34321"}],"version-history":[{"count":2,"href":"https:\/\/uraevents.com\/en\/wp-json\/wp\/v2\/pages\/34321\/revisions"}],"predecessor-version":[{"id":34324,"href":"https:\/\/uraevents.com\/en\/wp-json\/wp\/v2\/pages\/34321\/revisions\/34324"}],"wp:attachment":[{"href":"https:\/\/uraevents.com\/en\/wp-json\/wp\/v2\/media?parent=34321"}],"curies":[{"name":"wp","href":"https:\/\/api.w.org\/{rel}","templated":true}]}}