{"id":34300,"date":"2023-05-26T15:10:54","date_gmt":"2023-05-26T13:10:54","guid":{"rendered":"https:\/\/uraevents.com\/?page_id=34300"},"modified":"2023-05-26T15:23:59","modified_gmt":"2023-05-26T13:23:59","slug":"portrait-seblafrite","status":"publish","type":"page","link":"https:\/\/uraevents.com\/en\/portrait-seblafrite\/","title":{"rendered":"PORTRAIT &#8211; SEBLAFRITE"},"content":{"rendered":"<p>[et_pb_section fb_built=\u00a0\u00bb1&Prime; _builder_version=\u00a0\u00bb4.19.2&Prime; _module_preset=\u00a0\u00bbdefault\u00a0\u00bb da_disable_devices=\u00a0\u00bboff|off|off\u00a0\u00bb global_colors_info=\u00a0\u00bb{}\u00a0\u00bb da_is_popup=\u00a0\u00bboff\u00a0\u00bb da_exit_intent=\u00a0\u00bboff\u00a0\u00bb da_has_close=\u00a0\u00bbon\u00a0\u00bb da_alt_close=\u00a0\u00bboff\u00a0\u00bb da_dark_close=\u00a0\u00bboff\u00a0\u00bb da_not_modal=\u00a0\u00bbon\u00a0\u00bb da_is_singular=\u00a0\u00bboff\u00a0\u00bb da_with_loader=\u00a0\u00bboff\u00a0\u00bb da_has_shadow=\u00a0\u00bbon\u00a0\u00bb][et_pb_row _builder_version=\u00a0\u00bb4.19.2&Prime; _module_preset=\u00a0\u00bbdefault\u00a0\u00bb global_colors_info=\u00a0\u00bb{}\u00a0\u00bb][et_pb_column type=\u00a0\u00bb4_4&Prime; _builder_version=\u00a0\u00bb4.19.2&Prime; _module_preset=\u00a0\u00bbdefault\u00a0\u00bb global_colors_info=\u00a0\u00bb{}\u00a0\u00bb][et_pb_text _builder_version=\u00a0\u00bb4.19.2&Prime; _module_preset=\u00a0\u00bbdefault\u00a0\u00bb text_font=\u00a0\u00bbTAN BUSTER||||||||\u00a0\u00bb text_text_color=\u00a0\u00bb#0a0a0a\u00a0\u00bb text_font_size=\u00a0\u00bb30px\u00a0\u00bb text_line_height=\u00a0\u00bb1.8em\u00a0\u00bb custom_margin_tablet=\u00a0\u00bb\u00a0\u00bb custom_margin_phone=\u00a0\u00bb|-10px||-10px|false|false\u00a0\u00bb custom_margin_last_edited=\u00a0\u00bbon|phone\u00a0\u00bb text_font_size_tablet=\u00a0\u00bb35px\u00a0\u00bb text_font_size_phone=\u00a0\u00bb25px\u00a0\u00bb text_font_size_last_edited=\u00a0\u00bbon|phone\u00a0\u00bb text_line_height_tablet=\u00a0\u00bb1.8em\u00a0\u00bb text_line_height_phone=\u00a0\u00bb1.2em\u00a0\u00bb text_line_height_last_edited=\u00a0\u00bbon|phone\u00a0\u00bb text_orientation_tablet=\u00a0\u00bb\u00a0\u00bb text_orientation_phone=\u00a0\u00bbleft\u00a0\u00bb text_orientation_last_edited=\u00a0\u00bbon|phone\u00a0\u00bb global_colors_info=\u00a0\u00bb{}\u00a0\u00bb]<\/p>\n<p><b>PORTRAIT &#8211; SEB LA FRITE<\/b><\/p>\n<p>[\/et_pb_text][et_pb_text _builder_version=\u00a0\u00bb4.19.2&Prime; _module_preset=\u00a0\u00bbdefault\u00a0\u00bb text_font=\u00a0\u00bbTAN ANGLETON||||||||\u00a0\u00bb text_text_color=\u00a0\u00bb#878787&Prime; custom_margin_tablet=\u00a0\u00bb\u00a0\u00bb custom_margin_phone=\u00a0\u00bb|-10px||-10px|false|false\u00a0\u00bb custom_margin_last_edited=\u00a0\u00bbon|phone\u00a0\u00bb text_font_size_tablet=\u00a0\u00bb\u00a0\u00bb text_font_size_phone=\u00a0\u00bb12px\u00a0\u00bb text_font_size_last_edited=\u00a0\u00bbon|phone\u00a0\u00bb locked=\u00a0\u00bboff\u00a0\u00bb global_colors_info=\u00a0\u00bb{}\u00a0\u00bb]<\/p>\n<p>par Ura Events l 30 Novembre 2022 l PORTRAITS<\/p>\n<p>[\/et_pb_text][et_pb_image src=\u00a0\u00bbhttps:\/\/uraevents.com\/wp-content\/uploads\/2023\/05\/IG-@paolalct-4.png\u00a0\u00bb title_text=\u00a0\u00bbpexels-lisa-fotios-1092671&Prime; _builder_version=\u00a0\u00bb4.19.2&Prime; _module_preset=\u00a0\u00bbdefault\u00a0\u00bb custom_margin_tablet=\u00a0\u00bb\u00a0\u00bb custom_margin_phone=\u00a0\u00bb|-10px||-10px|false|false\u00a0\u00bb custom_margin_last_edited=\u00a0\u00bbon|phone\u00a0\u00bb global_colors_info=\u00a0\u00bb{}\u00a0\u00bb][\/et_pb_image][\/et_pb_column][\/et_pb_row][et_pb_row _builder_version=\u00a0\u00bb4.19.2&Prime; _module_preset=\u00a0\u00bbdefault\u00a0\u00bb global_colors_info=\u00a0\u00bb{}\u00a0\u00bb][et_pb_column type=\u00a0\u00bb4_4&Prime; _builder_version=\u00a0\u00bb4.19.2&Prime; _module_preset=\u00a0\u00bbdefault\u00a0\u00bb global_colors_info=\u00a0\u00bb{}\u00a0\u00bb][et_pb_text _builder_version=\u00a0\u00bb4.19.2&Prime; _module_preset=\u00a0\u00bbdefault\u00a0\u00bb text_font=\u00a0\u00bbTAN ANGLETON||||||||\u00a0\u00bb text_text_color=\u00a0\u00bb#0a0a0a\u00a0\u00bb text_orientation=\u00a0\u00bbjustified\u00a0\u00bb custom_margin_tablet=\u00a0\u00bb\u00a0\u00bb custom_margin_phone=\u00a0\u00bb|-10px||-10px|false|false\u00a0\u00bb custom_margin_last_edited=\u00a0\u00bbon|phone\u00a0\u00bb custom_padding_tablet=\u00a0\u00bb\u00a0\u00bb custom_padding_phone=\u00a0\u00bb\u00a0\u00bb custom_padding_last_edited=\u00a0\u00bbon|phone\u00a0\u00bb global_colors_info=\u00a0\u00bb{}\u00a0\u00bb]<\/p>\n<p>Dans le Ura Mag de cette semaine, nous t&#8217;emmenons d\u00e9couvrir les dessous d&rsquo;une carri\u00e8re stup\u00e9fiante : le talentueux Seb alias @seblafrite !<\/p>\n<p>&nbsp;<\/p>\n<p><strong>D&rsquo;UN NATUREL D\u00c9CONTRACTANT<\/strong><\/p>\n<p><strong><\/strong><\/p>\n<p>Dans un style m\u00e9langeant streetwear et haute couture, le jeune cr\u00e9ateur de contenu nous emm\u00e8ne dans son univers. Un univers plein d&rsquo;humour et de selfies d\u00e9contract\u00e9s qui pla\u00eet aujourd&rsquo;hui \u00e0 plus de 3,2 millions d&rsquo;abonn\u00e9s sur Instagram.<\/p>\n<p>On le suit \u00e9galement lors de ses shooting photos pour des \u00e9v\u00e9nements ou des collaborations avec des marques mais aussi dans son intimit\u00e9 aux c\u00f4t\u00e9s de sa ch\u00e9rie L\u00e9na Mahfouf.<\/p>\n<p>Apr\u00e8s le coup de soleil Instagram vient le coup de foudre TikTok !<\/p>\n<p>Seb a gagn\u00e9 le coeur de 666K d&rsquo;abonn\u00e9s sur son compte. Une audience qui le suit pour son autod\u00e9rision, sa passion pour les voyages et ses moments de vie. TikTok n&rsquo;a donc plus de secret pour lui&#8230;<\/p>\n<p>Comme Youtube d&rsquo;ailleurs !<\/p>\n<p>&nbsp;<\/p>\n<p><strong>LE MAESTRO DES ANECDOTES<\/strong><strong><\/strong><\/p>\n<p><strong><\/strong><\/p>\n<p>Seb se passionne dans un premier temps pour les vid\u00e9os divertissantes et humoristiques, qui lui ont permis d&rsquo;attirer aujourd&rsquo;hui plus de 5 millions d&rsquo;abonn\u00e9s sur sa cha\u00eene. Mais ce qui fait sa force, c&rsquo;est son don pour narrer la biographie de stars et des anecdotes captivantes. La preuve, une de ses vid\u00e9os les plus populaires s&rsquo;\u00e9l\u00e8ve \u00e0 plus de 19 millions de vues. Mais il ne s&rsquo;arr\u00eate pas l\u00e0 ! Il va \u00e9galement se surpasser lors de d\u00e9fis sportifs et humanitaires aux quatre coins du monde.<\/p>\n<p>&nbsp;<\/p>\n<p><strong>TALENT INN\u00c9<\/strong><strong><\/strong><\/p>\n<p><strong><\/strong><\/p>\n<p>Outre son humour, Seb La Frite se fait remarquer gr\u00e2ce \u00e0 son talent de rappeur. Tout commence en 2016, o\u00f9 il r\u00e9alise \u00ab\u00a0L&rsquo;histoire du rap\u00a0\u00bb, un web documentaire qui comptabilise aujourd&rsquo;hui plus de 4 millions de vues. Puis il fait son come back en 2021, avec l&rsquo;album \u00ab\u00a0Crash Test\u00a0\u00bb aux 12 morceaux qui conna\u00eet un succ\u00e8s imm\u00e9diat d\u00e8s sa sortie.<\/p>\n<p>&nbsp;<\/p>\n<p>Cet article t\u2019a plu ? Retrouve chaque semaine un nouvel article sur le Ura Mag pour devenir expert en influence : reste connect\u00e9. Et pour ne rien rater de nos actus, rendez vous sur nos r\u00e9seaux sociaux !<\/p>\n<p>&nbsp;<\/p>\n<p><strong>La Ura Team<\/strong><\/p>\n<p>[\/et_pb_text][\/et_pb_column][\/et_pb_row][\/et_pb_section]<\/p>","protected":false},"excerpt":{"rendered":"<p>PORTRAIT &#8211; SEB LA FRITEpar Ura Events l 30 Novembre 2022 l PORTRAITSDans le Ura Mag de cette semaine, nous t&#8217;emmenons d\u00e9couvrir les dessous d&rsquo;une carri\u00e8re stup\u00e9fiante : le talentueux Seb alias @seblafrite ! &nbsp; D&rsquo;UN NATUREL D\u00c9CONTRACTANT Dans un style m\u00e9langeant streetwear et haute couture, le jeune cr\u00e9ateur de contenu nous emm\u00e8ne dans son [&hellip;]<\/p>","protected":false},"author":1,"featured_media":0,"parent":0,"menu_order":0,"comment_status":"closed","ping_status":"closed","template":"","meta":{"_et_pb_use_builder":"on","_et_pb_old_content":"","_et_gb_content_width":"","footnotes":""},"class_list":["post-34300","page","type-page","status-publish","hentry"],"yoast_head":"<!-- This site is optimized with the Yoast SEO plugin v20.9 - https:\/\/yoast.com\/wordpress\/plugins\/seo\/ -->\n<title>5 astuces pour optimiser ta bio Instagram<\/title>\n<meta name=\"description\" content=\"Une bio Instagram, c\u2019est quoi ? C\u2019est une des premi\u00e8res infos qu\u2019on voit en arrivant sur ton profil Instagram. C\u2019est un court r\u00e9sum\u00e9 de toi m\u00eame ou de ta marque, comme la vitrine de ton compte : la soigner est primordial pour engager l\u2019audience et optimiser ton r\u00e9f\u00e9rencement.\" \/>\n<meta name=\"robots\" content=\"index, follow, max-snippet:-1, max-image-preview:large, max-video-preview:-1\" \/>\n<link rel=\"canonical\" href=\"https:\/\/uraevents.com\/en\/portrait-seblafrite\/\" \/>\n<meta property=\"og:locale\" content=\"en_US\" \/>\n<meta property=\"og:type\" content=\"article\" \/>\n<meta property=\"og:title\" content=\"5 astuces pour optimiser ta bio Instagram\" \/>\n<meta property=\"og:description\" content=\"Une bio Instagram, c\u2019est quoi ? C\u2019est une des premi\u00e8res infos qu\u2019on voit en arrivant sur ton profil Instagram. C\u2019est un court r\u00e9sum\u00e9 de toi m\u00eame ou de ta marque, comme la vitrine de ton compte : la soigner est primordial pour engager l\u2019audience et optimiser ton r\u00e9f\u00e9rencement.\" \/>\n<meta property=\"og:url\" content=\"https:\/\/uraevents.com\/en\/portrait-seblafrite\/\" \/>\n<meta property=\"og:site_name\" content=\"URAEVENTS\" \/>\n<meta property=\"article:modified_time\" content=\"2023-05-26T13:23:59+00:00\" \/>\n<meta name=\"twitter:card\" content=\"summary_large_image\" \/>\n<meta name=\"twitter:label1\" content=\"Est. reading time\" \/>\n\t<meta name=\"twitter:data1\" content=\"3 minutes\" \/>\n<script type=\"application\/ld+json\" class=\"yoast-schema-graph\">{\"@context\":\"https:\/\/schema.org\",\"@graph\":[{\"@type\":\"WebPage\",\"@id\":\"https:\/\/uraevents.com\/en\/portrait-seblafrite\/\",\"url\":\"https:\/\/uraevents.com\/en\/portrait-seblafrite\/\",\"name\":\"5 astuces pour optimiser ta bio Instagram\",\"isPartOf\":{\"@id\":\"http:\/\/uraevents.com\/#website\"},\"datePublished\":\"2023-05-26T13:10:54+00:00\",\"dateModified\":\"2023-05-26T13:23:59+00:00\",\"description\":\"Une bio Instagram, c\u2019est quoi ? C\u2019est une des premi\u00e8res infos qu\u2019on voit en arrivant sur ton profil Instagram. C\u2019est un court r\u00e9sum\u00e9 de toi m\u00eame ou de ta marque, comme la vitrine de ton compte : la soigner est primordial pour engager l\u2019audience et optimiser ton r\u00e9f\u00e9rencement.\",\"breadcrumb\":{\"@id\":\"https:\/\/uraevents.com\/en\/portrait-seblafrite\/#breadcrumb\"},\"inLanguage\":\"en-US\",\"potentialAction\":[{\"@type\":\"ReadAction\",\"target\":[\"https:\/\/uraevents.com\/en\/portrait-seblafrite\/\"]}]},{\"@type\":\"BreadcrumbList\",\"@id\":\"https:\/\/uraevents.com\/en\/portrait-seblafrite\/#breadcrumb\",\"itemListElement\":[{\"@type\":\"ListItem\",\"position\":1,\"name\":\"Accueil\",\"item\":\"http:\/\/uraevents.com\/\"},{\"@type\":\"ListItem\",\"position\":2,\"name\":\"PORTRAIT &#8211; SEBLAFRITE\"}]},{\"@type\":\"WebSite\",\"@id\":\"http:\/\/uraevents.com\/#website\",\"url\":\"http:\/\/uraevents.com\/\",\"name\":\"URAEVENTS\",\"description\":\"\",\"potentialAction\":[{\"@type\":\"SearchAction\",\"target\":{\"@type\":\"EntryPoint\",\"urlTemplate\":\"http:\/\/uraevents.com\/?s={search_term_string}\"},\"query-input\":\"required name=search_term_string\"}],\"inLanguage\":\"en-US\"}]}<\/script>\n<!-- \/ Yoast SEO plugin. -->","yoast_head_json":{"title":"5 astuces pour optimiser ta bio Instagram","description":"Une bio Instagram, c\u2019est quoi ? C\u2019est une des premi\u00e8res infos qu\u2019on voit en arrivant sur ton profil Instagram. C\u2019est un court r\u00e9sum\u00e9 de toi m\u00eame ou de ta marque, comme la vitrine de ton compte : la soigner est primordial pour engager l\u2019audience et optimiser ton r\u00e9f\u00e9rencement.","robots":{"index":"index","follow":"follow","max-snippet":"max-snippet:-1","max-image-preview":"max-image-preview:large","max-video-preview":"max-video-preview:-1"},"canonical":"https:\/\/uraevents.com\/en\/portrait-seblafrite\/","og_locale":"en_US","og_type":"article","og_title":"5 astuces pour optimiser ta bio Instagram","og_description":"Une bio Instagram, c\u2019est quoi ? C\u2019est une des premi\u00e8res infos qu\u2019on voit en arrivant sur ton profil Instagram. C\u2019est un court r\u00e9sum\u00e9 de toi m\u00eame ou de ta marque, comme la vitrine de ton compte : la soigner est primordial pour engager l\u2019audience et optimiser ton r\u00e9f\u00e9rencement.","og_url":"https:\/\/uraevents.com\/en\/portrait-seblafrite\/","og_site_name":"URAEVENTS","article_modified_time":"2023-05-26T13:23:59+00:00","twitter_card":"summary_large_image","twitter_misc":{"Est. reading time":"3 minutes"},"schema":{"@context":"https:\/\/schema.org","@graph":[{"@type":"WebPage","@id":"https:\/\/uraevents.com\/en\/portrait-seblafrite\/","url":"https:\/\/uraevents.com\/en\/portrait-seblafrite\/","name":"5 astuces pour optimiser ta bio Instagram","isPartOf":{"@id":"http:\/\/uraevents.com\/#website"},"datePublished":"2023-05-26T13:10:54+00:00","dateModified":"2023-05-26T13:23:59+00:00","description":"Une bio Instagram, c\u2019est quoi ? C\u2019est une des premi\u00e8res infos qu\u2019on voit en arrivant sur ton profil Instagram. C\u2019est un court r\u00e9sum\u00e9 de toi m\u00eame ou de ta marque, comme la vitrine de ton compte : la soigner est primordial pour engager l\u2019audience et optimiser ton r\u00e9f\u00e9rencement.","breadcrumb":{"@id":"https:\/\/uraevents.com\/en\/portrait-seblafrite\/#breadcrumb"},"inLanguage":"en-US","potentialAction":[{"@type":"ReadAction","target":["https:\/\/uraevents.com\/en\/portrait-seblafrite\/"]}]},{"@type":"BreadcrumbList","@id":"https:\/\/uraevents.com\/en\/portrait-seblafrite\/#breadcrumb","itemListElement":[{"@type":"ListItem","position":1,"name":"Accueil","item":"http:\/\/uraevents.com\/"},{"@type":"ListItem","position":2,"name":"PORTRAIT &#8211; SEBLAFRITE"}]},{"@type":"WebSite","@id":"http:\/\/uraevents.com\/#website","url":"http:\/\/uraevents.com\/","name":"URAEVENTS","description":"","potentialAction":[{"@type":"SearchAction","target":{"@type":"EntryPoint","urlTemplate":"http:\/\/uraevents.com\/?s={search_term_string}"},"query-input":"required name=search_term_string"}],"inLanguage":"en-US"}]}},"_links":{"self":[{"href":"https:\/\/uraevents.com\/en\/wp-json\/wp\/v2\/pages\/34300","targetHints":{"allow":["GET"]}}],"collection":[{"href":"https:\/\/uraevents.com\/en\/wp-json\/wp\/v2\/pages"}],"about":[{"href":"https:\/\/uraevents.com\/en\/wp-json\/wp\/v2\/types\/page"}],"author":[{"embeddable":true,"href":"https:\/\/uraevents.com\/en\/wp-json\/wp\/v2\/users\/1"}],"replies":[{"embeddable":true,"href":"https:\/\/uraevents.com\/en\/wp-json\/wp\/v2\/comments?post=34300"}],"version-history":[{"count":4,"href":"https:\/\/uraevents.com\/en\/wp-json\/wp\/v2\/pages\/34300\/revisions"}],"predecessor-version":[{"id":34309,"href":"https:\/\/uraevents.com\/en\/wp-json\/wp\/v2\/pages\/34300\/revisions\/34309"}],"wp:attachment":[{"href":"https:\/\/uraevents.com\/en\/wp-json\/wp\/v2\/media?parent=34300"}],"curies":[{"name":"wp","href":"https:\/\/api.w.org\/{rel}","templated":true}]}}