{"id":34248,"date":"2023-05-26T12:32:08","date_gmt":"2023-05-26T10:32:08","guid":{"rendered":"https:\/\/uraevents.com\/?page_id=34248"},"modified":"2023-05-26T16:03:19","modified_gmt":"2023-05-26T14:03:19","slug":"portrait-sally","status":"publish","type":"page","link":"https:\/\/uraevents.com\/en\/portrait-sally\/","title":{"rendered":"PORTRAIT &#8211; SALLY"},"content":{"rendered":"<p>[et_pb_section fb_built=\u00a0\u00bb1&Prime; _builder_version=\u00a0\u00bb4.19.2&Prime; _module_preset=\u00a0\u00bbdefault\u00a0\u00bb da_disable_devices=\u00a0\u00bboff|off|off\u00a0\u00bb global_colors_info=\u00a0\u00bb{}\u00a0\u00bb da_is_popup=\u00a0\u00bboff\u00a0\u00bb da_exit_intent=\u00a0\u00bboff\u00a0\u00bb da_has_close=\u00a0\u00bbon\u00a0\u00bb da_alt_close=\u00a0\u00bboff\u00a0\u00bb da_dark_close=\u00a0\u00bboff\u00a0\u00bb da_not_modal=\u00a0\u00bbon\u00a0\u00bb da_is_singular=\u00a0\u00bboff\u00a0\u00bb da_with_loader=\u00a0\u00bboff\u00a0\u00bb da_has_shadow=\u00a0\u00bbon\u00a0\u00bb][et_pb_row _builder_version=\u00a0\u00bb4.19.2&Prime; _module_preset=\u00a0\u00bbdefault\u00a0\u00bb global_colors_info=\u00a0\u00bb{}\u00a0\u00bb][et_pb_column type=\u00a0\u00bb4_4&Prime; _builder_version=\u00a0\u00bb4.19.2&Prime; _module_preset=\u00a0\u00bbdefault\u00a0\u00bb global_colors_info=\u00a0\u00bb{}\u00a0\u00bb][et_pb_text _builder_version=\u00a0\u00bb4.19.2&Prime; _module_preset=\u00a0\u00bbdefault\u00a0\u00bb text_font=\u00a0\u00bbTAN BUSTER||||||||\u00a0\u00bb text_text_color=\u00a0\u00bb#0a0a0a\u00a0\u00bb text_font_size=\u00a0\u00bb30px\u00a0\u00bb text_line_height=\u00a0\u00bb1.8em\u00a0\u00bb custom_margin_tablet=\u00a0\u00bb\u00a0\u00bb custom_margin_phone=\u00a0\u00bb|-10px||-10px|false|false\u00a0\u00bb custom_margin_last_edited=\u00a0\u00bbon|phone\u00a0\u00bb text_font_size_tablet=\u00a0\u00bb35px\u00a0\u00bb text_font_size_phone=\u00a0\u00bb25px\u00a0\u00bb text_font_size_last_edited=\u00a0\u00bbon|phone\u00a0\u00bb text_orientation_tablet=\u00a0\u00bb\u00a0\u00bb text_orientation_phone=\u00a0\u00bbleft\u00a0\u00bb text_orientation_last_edited=\u00a0\u00bbon|phone\u00a0\u00bb global_colors_info=\u00a0\u00bb{}\u00a0\u00bb]<\/p>\n<p><b>PORTRAIT &#8211; SALLY<\/b><\/p>\n<p>[\/et_pb_text][et_pb_text _builder_version=\u00a0\u00bb4.19.2&Prime; _module_preset=\u00a0\u00bbdefault\u00a0\u00bb text_font=\u00a0\u00bbTAN ANGLETON||||||||\u00a0\u00bb text_text_color=\u00a0\u00bb#878787&Prime; custom_margin_tablet=\u00a0\u00bb\u00a0\u00bb custom_margin_phone=\u00a0\u00bb|-10px||-10px|false|false\u00a0\u00bb custom_margin_last_edited=\u00a0\u00bbon|phone\u00a0\u00bb text_font_size_tablet=\u00a0\u00bb\u00a0\u00bb text_font_size_phone=\u00a0\u00bb12px\u00a0\u00bb text_font_size_last_edited=\u00a0\u00bbon|phone\u00a0\u00bb locked=\u00a0\u00bboff\u00a0\u00bb global_colors_info=\u00a0\u00bb{}\u00a0\u00bb]<\/p>\n<p>par Ura Events l 23 Mai 2023 l PORTRAITS<\/p>\n<p>[\/et_pb_text][et_pb_image src=\u00a0\u00bbhttps:\/\/uraevents.com\/wp-content\/uploads\/2023\/05\/IG-@paolalct-8.png\u00a0\u00bb title_text=\u00a0\u00bbpexels-lisa-fotios-1092671&Prime; _builder_version=\u00a0\u00bb4.19.2&Prime; _module_preset=\u00a0\u00bbdefault\u00a0\u00bb custom_margin_tablet=\u00a0\u00bb\u00a0\u00bb custom_margin_phone=\u00a0\u00bb|-10px||-10px|false|false\u00a0\u00bb custom_margin_last_edited=\u00a0\u00bbon|phone\u00a0\u00bb hover_enabled=\u00a0\u00bb0&Prime; global_colors_info=\u00a0\u00bb{}\u00a0\u00bb sticky_enabled=\u00a0\u00bb0&Prime;][\/et_pb_image][\/et_pb_column][\/et_pb_row][et_pb_row _builder_version=\u00a0\u00bb4.19.2&Prime; _module_preset=\u00a0\u00bbdefault\u00a0\u00bb global_colors_info=\u00a0\u00bb{}\u00a0\u00bb][et_pb_column type=\u00a0\u00bb4_4&Prime; _builder_version=\u00a0\u00bb4.19.2&Prime; _module_preset=\u00a0\u00bbdefault\u00a0\u00bb global_colors_info=\u00a0\u00bb{}\u00a0\u00bb][et_pb_text _builder_version=\u00a0\u00bb4.19.2&Prime; _module_preset=\u00a0\u00bbdefault\u00a0\u00bb text_font=\u00a0\u00bbTAN ANGLETON||||||||\u00a0\u00bb text_text_color=\u00a0\u00bb#0a0a0a\u00a0\u00bb text_orientation=\u00a0\u00bbjustified\u00a0\u00bb custom_margin_tablet=\u00a0\u00bb\u00a0\u00bb custom_margin_phone=\u00a0\u00bb|-10px||-10px|false|false\u00a0\u00bb custom_margin_last_edited=\u00a0\u00bbon|phone\u00a0\u00bb custom_padding_tablet=\u00a0\u00bb\u00a0\u00bb custom_padding_phone=\u00a0\u00bb\u00a0\u00bb custom_padding_last_edited=\u00a0\u00bbon|phone\u00a0\u00bb global_colors_info=\u00a0\u00bb{}\u00a0\u00bb]<\/p>\n<div class=\"page\" title=\"Page 1\">\n<div class=\"section\">\n<div class=\"layoutArea\">\n<div class=\"column\">\n<p><span>Dans le Ura Mag de cette semaine, de\u0301couvrez l&rsquo;une des premie\u0300res cre\u0301atrices de contenus qui a su s\u2019imposer et de\u0301fendre ses convictions dans le milieu de l\u2019influence : Sally alias @crazysally !<\/span><\/p>\n<p><span><\/span><\/p>\n<p><strong>UN SANS FAUTE<\/strong><\/p>\n<p><span><\/span><\/p>\n<p><span>Avec plus de 927k d\u2019abonne\u0301s sur son compte Instagram, elle connai\u0302t une notorie\u0301te\u0301 fulgurante. Ancienne juriste, elle de\u0301crypte et aborde des sujets de l&rsquo;actualite\u0301 gra\u0302ce a\u0300 son oeil affute\u0301 d&rsquo;experte. En paralle\u0300le, elle cre\u0301e du contenu soigne\u0301 et colore\u0301 pour les marques avec qui elle collabore. Son style fe\u0301minin, streetwear chic plai\u0302t notamment a\u0300 Balmain, Jacquemus ou encore Fenty Beauty. C\u2019est LA cre\u0301atrice de contenu lifestyle par excellence !<\/span><\/p>\n<p><span><\/span><\/p>\n<p><strong>GRANDIOSE<\/strong><\/p>\n<p><span><\/span><\/p>\n<p><span>L&rsquo;influenceuse a su ba\u0302tir une communaute\u0301 autour de la mode et des de\u0301bats libe\u0301re\u0301s ! Sur TikTok, on compte plus de 248k personnes qui la suivent. Une audience qui l&rsquo;aime pour ses prises de parole pertinentes sur l&rsquo;actualite\u0301, mais aussi pour ses makeups et ses outfits plus que tendances. Il lui arrive parfois me\u0302me de se mettre en sce\u0300ne dans des vide\u0301os playback, pour le bonheur de ses followers.<\/span><\/p>\n<p><span><\/span><\/p>\n<p><strong>A\u0300 COEUR OUVERT<\/strong><\/p>\n<p><span><\/span><\/p>\n<p><span>Son franc parler lui a permis de re\u0301inventer Youtube en abordant en vide\u0301o des sujets d&rsquo;actualite\u0301 parfois tabous. Avec conviction, elle informe et re\u0301pond aux questions que tout le monde se pose. Autant passionne\u0301e par la cosme\u0301tique, la mode et son quotidien, elle nous livre en toute intimite\u0301 son expe\u0301rience de jeune femme.<\/span><\/p>\n<p><span><\/span><\/p>\n<p><span>Cet article t\u2019a plu ? Retrouve chaque semaine un nouvel article sur le Ura Mag pour devenir expert en influence. Et pour ne rien rater de nos actus, rendez vous sur nos re\u0301seaux sociaux !<\/span><span><\/span><\/p>\n<p><span><\/span><\/p>\n<p><span><\/span><\/p>\n<\/div>\n<\/div>\n<div class=\"layoutArea\">\n<div class=\"column\">\n<p><span>La Ura Team<\/span><\/p>\n<\/div>\n<\/div>\n<\/div>\n<\/div>\n<p>[\/et_pb_text][\/et_pb_column][\/et_pb_row][\/et_pb_section]<\/p>","protected":false},"excerpt":{"rendered":"<p>PORTRAIT &#8211; SALLYpar Ura Events l 23 Mai 2023 l PORTRAITS Dans le Ura Mag de cette semaine, de\u0301couvrez l&rsquo;une des premie\u0300res cre\u0301atrices de contenus qui a su s\u2019imposer et de\u0301fendre ses convictions dans le milieu de l\u2019influence : Sally alias @crazysally ! UN SANS FAUTE Avec plus de 927k d\u2019abonne\u0301s sur son compte Instagram, [&hellip;]<\/p>","protected":false},"author":1,"featured_media":0,"parent":0,"menu_order":0,"comment_status":"closed","ping_status":"closed","template":"","meta":{"_et_pb_use_builder":"on","_et_pb_old_content":"","_et_gb_content_width":"","footnotes":""},"class_list":["post-34248","page","type-page","status-publish","hentry"],"yoast_head":"<!-- This site is optimized with the Yoast SEO plugin v20.9 - https:\/\/yoast.com\/wordpress\/plugins\/seo\/ -->\n<title>5 astuces pour optimiser ta bio Instagram<\/title>\n<meta name=\"description\" content=\"Une bio Instagram, c\u2019est quoi ? C\u2019est une des premi\u00e8res infos qu\u2019on voit en arrivant sur ton profil Instagram. C\u2019est un court r\u00e9sum\u00e9 de toi m\u00eame ou de ta marque, comme la vitrine de ton compte : la soigner est primordial pour engager l\u2019audience et optimiser ton r\u00e9f\u00e9rencement.\" \/>\n<meta name=\"robots\" content=\"index, follow, max-snippet:-1, max-image-preview:large, max-video-preview:-1\" \/>\n<link rel=\"canonical\" href=\"https:\/\/uraevents.com\/en\/portrait-sally\/\" \/>\n<meta property=\"og:locale\" content=\"en_US\" \/>\n<meta property=\"og:type\" content=\"article\" \/>\n<meta property=\"og:title\" content=\"5 astuces pour optimiser ta bio Instagram\" \/>\n<meta property=\"og:description\" content=\"Une bio Instagram, c\u2019est quoi ? C\u2019est une des premi\u00e8res infos qu\u2019on voit en arrivant sur ton profil Instagram. C\u2019est un court r\u00e9sum\u00e9 de toi m\u00eame ou de ta marque, comme la vitrine de ton compte : la soigner est primordial pour engager l\u2019audience et optimiser ton r\u00e9f\u00e9rencement.\" \/>\n<meta property=\"og:url\" content=\"https:\/\/uraevents.com\/en\/portrait-sally\/\" \/>\n<meta property=\"og:site_name\" content=\"URAEVENTS\" \/>\n<meta property=\"article:modified_time\" content=\"2023-05-26T14:03:19+00:00\" \/>\n<meta name=\"twitter:card\" content=\"summary_large_image\" \/>\n<meta name=\"twitter:label1\" content=\"Est. reading time\" \/>\n\t<meta name=\"twitter:data1\" content=\"3 minutes\" \/>\n<script type=\"application\/ld+json\" class=\"yoast-schema-graph\">{\"@context\":\"https:\/\/schema.org\",\"@graph\":[{\"@type\":\"WebPage\",\"@id\":\"https:\/\/uraevents.com\/en\/portrait-sally\/\",\"url\":\"https:\/\/uraevents.com\/en\/portrait-sally\/\",\"name\":\"5 astuces pour optimiser ta bio Instagram\",\"isPartOf\":{\"@id\":\"http:\/\/uraevents.com\/#website\"},\"datePublished\":\"2023-05-26T10:32:08+00:00\",\"dateModified\":\"2023-05-26T14:03:19+00:00\",\"description\":\"Une bio Instagram, c\u2019est quoi ? C\u2019est une des premi\u00e8res infos qu\u2019on voit en arrivant sur ton profil Instagram. C\u2019est un court r\u00e9sum\u00e9 de toi m\u00eame ou de ta marque, comme la vitrine de ton compte : la soigner est primordial pour engager l\u2019audience et optimiser ton r\u00e9f\u00e9rencement.\",\"breadcrumb\":{\"@id\":\"https:\/\/uraevents.com\/en\/portrait-sally\/#breadcrumb\"},\"inLanguage\":\"en-US\",\"potentialAction\":[{\"@type\":\"ReadAction\",\"target\":[\"https:\/\/uraevents.com\/en\/portrait-sally\/\"]}]},{\"@type\":\"BreadcrumbList\",\"@id\":\"https:\/\/uraevents.com\/en\/portrait-sally\/#breadcrumb\",\"itemListElement\":[{\"@type\":\"ListItem\",\"position\":1,\"name\":\"Accueil\",\"item\":\"http:\/\/uraevents.com\/\"},{\"@type\":\"ListItem\",\"position\":2,\"name\":\"PORTRAIT &#8211; SALLY\"}]},{\"@type\":\"WebSite\",\"@id\":\"http:\/\/uraevents.com\/#website\",\"url\":\"http:\/\/uraevents.com\/\",\"name\":\"URAEVENTS\",\"description\":\"\",\"potentialAction\":[{\"@type\":\"SearchAction\",\"target\":{\"@type\":\"EntryPoint\",\"urlTemplate\":\"http:\/\/uraevents.com\/?s={search_term_string}\"},\"query-input\":\"required name=search_term_string\"}],\"inLanguage\":\"en-US\"}]}<\/script>\n<!-- \/ Yoast SEO plugin. -->","yoast_head_json":{"title":"5 astuces pour optimiser ta bio Instagram","description":"Une bio Instagram, c\u2019est quoi ? C\u2019est une des premi\u00e8res infos qu\u2019on voit en arrivant sur ton profil Instagram. C\u2019est un court r\u00e9sum\u00e9 de toi m\u00eame ou de ta marque, comme la vitrine de ton compte : la soigner est primordial pour engager l\u2019audience et optimiser ton r\u00e9f\u00e9rencement.","robots":{"index":"index","follow":"follow","max-snippet":"max-snippet:-1","max-image-preview":"max-image-preview:large","max-video-preview":"max-video-preview:-1"},"canonical":"https:\/\/uraevents.com\/en\/portrait-sally\/","og_locale":"en_US","og_type":"article","og_title":"5 astuces pour optimiser ta bio Instagram","og_description":"Une bio Instagram, c\u2019est quoi ? C\u2019est une des premi\u00e8res infos qu\u2019on voit en arrivant sur ton profil Instagram. C\u2019est un court r\u00e9sum\u00e9 de toi m\u00eame ou de ta marque, comme la vitrine de ton compte : la soigner est primordial pour engager l\u2019audience et optimiser ton r\u00e9f\u00e9rencement.","og_url":"https:\/\/uraevents.com\/en\/portrait-sally\/","og_site_name":"URAEVENTS","article_modified_time":"2023-05-26T14:03:19+00:00","twitter_card":"summary_large_image","twitter_misc":{"Est. reading time":"3 minutes"},"schema":{"@context":"https:\/\/schema.org","@graph":[{"@type":"WebPage","@id":"https:\/\/uraevents.com\/en\/portrait-sally\/","url":"https:\/\/uraevents.com\/en\/portrait-sally\/","name":"5 astuces pour optimiser ta bio Instagram","isPartOf":{"@id":"http:\/\/uraevents.com\/#website"},"datePublished":"2023-05-26T10:32:08+00:00","dateModified":"2023-05-26T14:03:19+00:00","description":"Une bio Instagram, c\u2019est quoi ? C\u2019est une des premi\u00e8res infos qu\u2019on voit en arrivant sur ton profil Instagram. C\u2019est un court r\u00e9sum\u00e9 de toi m\u00eame ou de ta marque, comme la vitrine de ton compte : la soigner est primordial pour engager l\u2019audience et optimiser ton r\u00e9f\u00e9rencement.","breadcrumb":{"@id":"https:\/\/uraevents.com\/en\/portrait-sally\/#breadcrumb"},"inLanguage":"en-US","potentialAction":[{"@type":"ReadAction","target":["https:\/\/uraevents.com\/en\/portrait-sally\/"]}]},{"@type":"BreadcrumbList","@id":"https:\/\/uraevents.com\/en\/portrait-sally\/#breadcrumb","itemListElement":[{"@type":"ListItem","position":1,"name":"Accueil","item":"http:\/\/uraevents.com\/"},{"@type":"ListItem","position":2,"name":"PORTRAIT &#8211; SALLY"}]},{"@type":"WebSite","@id":"http:\/\/uraevents.com\/#website","url":"http:\/\/uraevents.com\/","name":"URAEVENTS","description":"","potentialAction":[{"@type":"SearchAction","target":{"@type":"EntryPoint","urlTemplate":"http:\/\/uraevents.com\/?s={search_term_string}"},"query-input":"required name=search_term_string"}],"inLanguage":"en-US"}]}},"_links":{"self":[{"href":"https:\/\/uraevents.com\/en\/wp-json\/wp\/v2\/pages\/34248","targetHints":{"allow":["GET"]}}],"collection":[{"href":"https:\/\/uraevents.com\/en\/wp-json\/wp\/v2\/pages"}],"about":[{"href":"https:\/\/uraevents.com\/en\/wp-json\/wp\/v2\/types\/page"}],"author":[{"embeddable":true,"href":"https:\/\/uraevents.com\/en\/wp-json\/wp\/v2\/users\/1"}],"replies":[{"embeddable":true,"href":"https:\/\/uraevents.com\/en\/wp-json\/wp\/v2\/comments?post=34248"}],"version-history":[{"count":4,"href":"https:\/\/uraevents.com\/en\/wp-json\/wp\/v2\/pages\/34248\/revisions"}],"predecessor-version":[{"id":34334,"href":"https:\/\/uraevents.com\/en\/wp-json\/wp\/v2\/pages\/34248\/revisions\/34334"}],"wp:attachment":[{"href":"https:\/\/uraevents.com\/en\/wp-json\/wp\/v2\/media?parent=34248"}],"curies":[{"name":"wp","href":"https:\/\/api.w.org\/{rel}","templated":true}]}}