{"id":34074,"date":"2023-01-12T12:09:16","date_gmt":"2023-01-12T11:09:16","guid":{"rendered":"https:\/\/uraevents.com\/?page_id=34074"},"modified":"2023-05-26T14:44:07","modified_gmt":"2023-05-26T12:44:07","slug":"ameliore-lengagement-de-ta-marque","status":"publish","type":"page","link":"https:\/\/uraevents.com\/en\/ameliore-lengagement-de-ta-marque\/","title":{"rendered":"Am\u00e9liore l&rsquo;engagement de ta marque"},"content":{"rendered":"<p>[et_pb_section fb_built=\u00a0\u00bb1&Prime; _builder_version=\u00a0\u00bb4.19.2&Prime; _module_preset=\u00a0\u00bbdefault\u00a0\u00bb da_disable_devices=\u00a0\u00bboff|off|off\u00a0\u00bb global_colors_info=\u00a0\u00bb{}\u00a0\u00bb da_is_popup=\u00a0\u00bboff\u00a0\u00bb da_exit_intent=\u00a0\u00bboff\u00a0\u00bb da_has_close=\u00a0\u00bbon\u00a0\u00bb da_alt_close=\u00a0\u00bboff\u00a0\u00bb da_dark_close=\u00a0\u00bboff\u00a0\u00bb da_not_modal=\u00a0\u00bbon\u00a0\u00bb da_is_singular=\u00a0\u00bboff\u00a0\u00bb da_with_loader=\u00a0\u00bboff\u00a0\u00bb da_has_shadow=\u00a0\u00bbon\u00a0\u00bb][et_pb_row _builder_version=\u00a0\u00bb4.19.2&Prime; _module_preset=\u00a0\u00bbdefault\u00a0\u00bb global_colors_info=\u00a0\u00bb{}\u00a0\u00bb][et_pb_column type=\u00a0\u00bb4_4&Prime; _builder_version=\u00a0\u00bb4.19.2&Prime; _module_preset=\u00a0\u00bbdefault\u00a0\u00bb global_colors_info=\u00a0\u00bb{}\u00a0\u00bb][et_pb_text _builder_version=\u00a0\u00bb4.19.2&Prime; _module_preset=\u00a0\u00bbdefault\u00a0\u00bb text_font=\u00a0\u00bbTAN BUSTER||||||||\u00a0\u00bb text_text_color=\u00a0\u00bb#161616&Prime; text_font_size=\u00a0\u00bb30px\u00a0\u00bb text_line_height=\u00a0\u00bb1.8em\u00a0\u00bb custom_margin=\u00a0\u00bb||||false|false\u00a0\u00bb custom_margin_tablet=\u00a0\u00bb|-10px||-10px|false|false\u00a0\u00bb custom_margin_phone=\u00a0\u00bb|-10px||-10px|false|false\u00a0\u00bb custom_margin_last_edited=\u00a0\u00bbon|phone\u00a0\u00bb hover_enabled=\u00a0\u00bb0&Prime; text_font_size_tablet=\u00a0\u00bb35px\u00a0\u00bb text_font_size_phone=\u00a0\u00bb25px\u00a0\u00bb text_font_size_last_edited=\u00a0\u00bbon|phone\u00a0\u00bb text_line_height_tablet=\u00a0\u00bb1.8em\u00a0\u00bb text_line_height_phone=\u00a0\u00bb1.2em\u00a0\u00bb text_line_height_last_edited=\u00a0\u00bbon|phone\u00a0\u00bb text_orientation_tablet=\u00a0\u00bb\u00a0\u00bb text_orientation_phone=\u00a0\u00bbleft\u00a0\u00bb text_orientation_last_edited=\u00a0\u00bbon|desktop\u00a0\u00bb global_colors_info=\u00a0\u00bb{}\u00a0\u00bb sticky_enabled=\u00a0\u00bb0&Prime;]<\/p>\n<p><b>IMPROVE YOUR BRAND ENGAGEMENT<span class=\"Apple-converted-space\">\u00a0<\/span><\/b><\/p>\n<p>[\/et_pb_text][et_pb_text _builder_version=\u00a0\u00bb4.19.2&Prime; _module_preset=\u00a0\u00bbdefault\u00a0\u00bb text_font=\u00a0\u00bbTAN ANGLETON||||||||\u00a0\u00bb text_text_color=\u00a0\u00bb#878787&Prime; custom_margin_tablet=\u00a0\u00bb\u00a0\u00bb custom_margin_phone=\u00a0\u00bb|-10px||-10px|false|false\u00a0\u00bb custom_margin_last_edited=\u00a0\u00bbon|phone\u00a0\u00bb text_font_size_tablet=\u00a0\u00bb\u00a0\u00bb text_font_size_phone=\u00a0\u00bb12px\u00a0\u00bb text_font_size_last_edited=\u00a0\u00bbon|phone\u00a0\u00bb global_colors_info=\u00a0\u00bb{}\u00a0\u00bb]<\/p>\n<p><span>par Ura Events l 28 Novembre 2022 l TIPS<\/span><\/p>\n<p>[\/et_pb_text][et_pb_image src=\u00a0\u00bbhttps:\/\/uraevents.com\/wp-content\/uploads\/2023\/05\/IG-@paolalct-1.png\u00a0\u00bb title_text=\u00a0\u00bbpexels-fauxels-3183132&Prime; _builder_version=\u00a0\u00bb4.19.2&Prime; _module_preset=\u00a0\u00bbdefault\u00a0\u00bb custom_margin_tablet=\u00a0\u00bb\u00a0\u00bb custom_margin_phone=\u00a0\u00bb|-10px||-10px|false|false\u00a0\u00bb custom_margin_last_edited=\u00a0\u00bbon|phone\u00a0\u00bb global_colors_info=\u00a0\u00bb{}\u00a0\u00bb][\/et_pb_image][\/et_pb_column][\/et_pb_row][et_pb_row _builder_version=\u00a0\u00bb4.19.2&Prime; _module_preset=\u00a0\u00bbdefault\u00a0\u00bb global_colors_info=\u00a0\u00bb{}\u00a0\u00bb][et_pb_column type=\u00a0\u00bb4_4&Prime; _builder_version=\u00a0\u00bb4.19.2&Prime; _module_preset=\u00a0\u00bbdefault\u00a0\u00bb global_colors_info=\u00a0\u00bb{}\u00a0\u00bb][et_pb_text _builder_version=\u00a0\u00bb4.19.2&Prime; _module_preset=\u00a0\u00bbdefault\u00a0\u00bb text_font=\u00a0\u00bbTAN ANGLETON||||||||\u00a0\u00bb text_text_color=\u00a0\u00bb#0a0a0a\u00a0\u00bb text_font_size=\u00a0\u00bb13px\u00a0\u00bb text_orientation=\u00a0\u00bbjustified\u00a0\u00bb custom_margin_tablet=\u00a0\u00bb\u00a0\u00bb custom_margin_phone=\u00a0\u00bb|-10px||-10px|false|false\u00a0\u00bb custom_margin_last_edited=\u00a0\u00bbon|phone\u00a0\u00bb global_colors_info=\u00a0\u00bb{}\u00a0\u00bb]<\/p>\n<p><b>What is commitment?<span class=\"Apple-converted-space\">\u00a0<\/span><\/b><\/p>\n<p>Engagement is when an Internet user shows interest in the brand. This can take many forms, from a simple like to the role of ambassador. The stronger your engagement, the more involved the fan will be. It costs 5 times more to approach a customer than to retain them, which is why it is important to do everything possible to develop the commitment of your community to your brand.<span class=\"Apple-converted-space\">\u00a0<\/span><\/p>\n<p><span class=\"Apple-converted-space\"><\/span><\/p>\n<p><b>But how can this be done?<span class=\"Apple-converted-space\">\u00a0<\/span><\/b><\/p>\n<p>Don't panic, in this article you will find some tips to increase your engagement.<b><span class=\"Apple-converted-space\">\u00a0<\/span><\/b><\/p>\n<p><b><span class=\"Apple-converted-space\"><\/span><\/b><\/p>\n<p><b>Make the interaction happen!<\/b><\/p>\n<p>To encourage your community to participate, don't hesitate to ask questions. It's a great way to get engagement.<span class=\"Apple-converted-space\">\u00a0<\/span><\/p>\n<p>A little tip?<span class=\"Apple-converted-space\">\u00a0 <\/span>End the text of your publications with an open question! Your followers will be able to answer directly in comments.<span class=\"Apple-converted-space\">\u00a0<\/span><\/p>\n<p><span class=\"Apple-converted-space\"><\/span><\/p>\n<p><b>But what questions can I ask?<span class=\"Apple-converted-space\">\u00a0<\/span><\/b><\/p>\n<p>Simply ask them their opinion on a subject, their ambitions, or to choose between two options. The most important thing is to offer a space for expression and exchange.<\/p>\n<p>&nbsp;<\/p>\n<p><b>And how?\u00a0<\/b><\/p>\n<p>You can get these messages across through Instagram stories with polls, questions or mood gauges.<span class=\"Apple-converted-space\">\u00a0<\/span><\/p>\n<p><b><\/b><\/p>\n<p><b>What makes the difference...<\/b><br \/>If you can share as much as possible behind the scenes, fans love it. They will feel involved and will be more likely to engage in conversation.<\/p>\n<p>&nbsp;<\/p>\n<p><span style=\"text-decoration: underline; color: #000000;\"><a href=\"https:\/\/www.e-marketing.fr\/Thematique\/retail-1095\/Breves\/humain-coeur-propos-348939.htm\" style=\"color: #000000;\"><b>Integrate the human!<\/b><\/a><\/span><\/p>\n<p>To stand out and reach your audience, you need to establish a close link with your target group through qualitative content. To reach the customer, you have to arouse emotions. That's why integrating the human element will engage the community because they will see the brand as an authentic relationship.<\/p>\n<p>&nbsp;<\/p>\n<p>I hope this article has been useful to you, see you soon for more tips!<\/p>\n<p>&nbsp;<\/p>\n<p>The Ura team<span class=\"Apple-converted-space\">\u00a0<\/span><\/p>\n<p>[\/et_pb_text][\/et_pb_column][\/et_pb_row][\/et_pb_section]<\/p>","protected":false},"excerpt":{"rendered":"<p>AM\u00c9LIORE L\u2019ENGAGEMENT DE TA MARQUE\u00a0par Ura Events l 28 Novembre 2022 l TIPSL\u2019engagement, c\u2019est quoi ?\u00a0 On parle d\u2019engagement lorsqu\u2019un internaute montre de l\u2019int\u00e9r\u00eat pour la marque. Celui-ci peut prendre plusieurs formes du simple like au r\u00f4le d\u2019ambassadeur. Plus ton engagement sera fort, plus le fan sera impliqu\u00e9. D\u00e9marcher un client co\u00fbte 5 fois plus [&hellip;]<\/p>","protected":false},"author":1,"featured_media":0,"parent":0,"menu_order":0,"comment_status":"closed","ping_status":"closed","template":"","meta":{"_et_pb_use_builder":"on","_et_pb_old_content":"","_et_gb_content_width":"","footnotes":""},"class_list":["post-34074","page","type-page","status-publish","hentry"],"yoast_head":"<!-- This site is optimized with the Yoast SEO plugin v20.9 - https:\/\/yoast.com\/wordpress\/plugins\/seo\/ -->\n<title>Am\u00e9liore l&#039;engagement de ta marque<\/title>\n<meta name=\"description\" content=\"L\u2019engagement, c\u2019est quoi ? On parle d\u2019engagement lorsqu\u2019un internaute montre de l\u2019int\u00e9r\u00eat pour la marque. Celui-ci peut prendre plusieurs formes du simple like au r\u00f4le d\u2019ambassadeur. Plus ton engagement sera fort, plus le fan sera impliqu\u00e9.\" \/>\n<meta name=\"robots\" content=\"index, follow, max-snippet:-1, max-image-preview:large, max-video-preview:-1\" \/>\n<link rel=\"canonical\" href=\"http:\/\/uraevents.com\/en\/ameliore-lengagement-de-ta-marque\/\" \/>\n<meta property=\"og:locale\" content=\"en_US\" \/>\n<meta property=\"og:type\" content=\"article\" \/>\n<meta property=\"og:title\" content=\"Am\u00e9liore l&#039;engagement de ta marque\" \/>\n<meta property=\"og:description\" content=\"L\u2019engagement, c\u2019est quoi ? On parle d\u2019engagement lorsqu\u2019un internaute montre de l\u2019int\u00e9r\u00eat pour la marque. Celui-ci peut prendre plusieurs formes du simple like au r\u00f4le d\u2019ambassadeur. Plus ton engagement sera fort, plus le fan sera impliqu\u00e9.\" \/>\n<meta property=\"og:url\" content=\"http:\/\/uraevents.com\/en\/ameliore-lengagement-de-ta-marque\/\" \/>\n<meta property=\"og:site_name\" content=\"URAEVENTS\" \/>\n<meta property=\"article:modified_time\" content=\"2023-05-26T12:44:07+00:00\" \/>\n<meta name=\"twitter:card\" content=\"summary_large_image\" \/>\n<meta name=\"twitter:label1\" content=\"Est. reading time\" \/>\n\t<meta name=\"twitter:data1\" content=\"2 minutes\" \/>\n<script type=\"application\/ld+json\" class=\"yoast-schema-graph\">{\"@context\":\"https:\/\/schema.org\",\"@graph\":[{\"@type\":\"WebPage\",\"@id\":\"http:\/\/uraevents.com\/en\/ameliore-lengagement-de-ta-marque\/\",\"url\":\"http:\/\/uraevents.com\/en\/ameliore-lengagement-de-ta-marque\/\",\"name\":\"Am\u00e9liore l'engagement de ta marque\",\"isPartOf\":{\"@id\":\"http:\/\/uraevents.com\/#website\"},\"datePublished\":\"2023-01-12T11:09:16+00:00\",\"dateModified\":\"2023-05-26T12:44:07+00:00\",\"description\":\"L\u2019engagement, c\u2019est quoi ? On parle d\u2019engagement lorsqu\u2019un internaute montre de l\u2019int\u00e9r\u00eat pour la marque. Celui-ci peut prendre plusieurs formes du simple like au r\u00f4le d\u2019ambassadeur. Plus ton engagement sera fort, plus le fan sera impliqu\u00e9.\",\"breadcrumb\":{\"@id\":\"http:\/\/uraevents.com\/en\/ameliore-lengagement-de-ta-marque\/#breadcrumb\"},\"inLanguage\":\"en-US\",\"potentialAction\":[{\"@type\":\"ReadAction\",\"target\":[\"http:\/\/uraevents.com\/en\/ameliore-lengagement-de-ta-marque\/\"]}]},{\"@type\":\"BreadcrumbList\",\"@id\":\"http:\/\/uraevents.com\/en\/ameliore-lengagement-de-ta-marque\/#breadcrumb\",\"itemListElement\":[{\"@type\":\"ListItem\",\"position\":1,\"name\":\"Accueil\",\"item\":\"http:\/\/uraevents.com\/\"},{\"@type\":\"ListItem\",\"position\":2,\"name\":\"Am\u00e9liore l&rsquo;engagement de ta marque\"}]},{\"@type\":\"WebSite\",\"@id\":\"http:\/\/uraevents.com\/#website\",\"url\":\"http:\/\/uraevents.com\/\",\"name\":\"URAEVENTS\",\"description\":\"\",\"potentialAction\":[{\"@type\":\"SearchAction\",\"target\":{\"@type\":\"EntryPoint\",\"urlTemplate\":\"http:\/\/uraevents.com\/?s={search_term_string}\"},\"query-input\":\"required name=search_term_string\"}],\"inLanguage\":\"en-US\"}]}<\/script>\n<!-- \/ Yoast SEO plugin. -->","yoast_head_json":{"title":"Am\u00e9liore l'engagement de ta marque","description":"L\u2019engagement, c\u2019est quoi ? On parle d\u2019engagement lorsqu\u2019un internaute montre de l\u2019int\u00e9r\u00eat pour la marque. Celui-ci peut prendre plusieurs formes du simple like au r\u00f4le d\u2019ambassadeur. Plus ton engagement sera fort, plus le fan sera impliqu\u00e9.","robots":{"index":"index","follow":"follow","max-snippet":"max-snippet:-1","max-image-preview":"max-image-preview:large","max-video-preview":"max-video-preview:-1"},"canonical":"http:\/\/uraevents.com\/en\/ameliore-lengagement-de-ta-marque\/","og_locale":"en_US","og_type":"article","og_title":"Am\u00e9liore l'engagement de ta marque","og_description":"L\u2019engagement, c\u2019est quoi ? On parle d\u2019engagement lorsqu\u2019un internaute montre de l\u2019int\u00e9r\u00eat pour la marque. Celui-ci peut prendre plusieurs formes du simple like au r\u00f4le d\u2019ambassadeur. Plus ton engagement sera fort, plus le fan sera impliqu\u00e9.","og_url":"http:\/\/uraevents.com\/en\/ameliore-lengagement-de-ta-marque\/","og_site_name":"URAEVENTS","article_modified_time":"2023-05-26T12:44:07+00:00","twitter_card":"summary_large_image","twitter_misc":{"Est. reading time":"2 minutes"},"schema":{"@context":"https:\/\/schema.org","@graph":[{"@type":"WebPage","@id":"http:\/\/uraevents.com\/en\/ameliore-lengagement-de-ta-marque\/","url":"http:\/\/uraevents.com\/en\/ameliore-lengagement-de-ta-marque\/","name":"Am\u00e9liore l'engagement de ta marque","isPartOf":{"@id":"http:\/\/uraevents.com\/#website"},"datePublished":"2023-01-12T11:09:16+00:00","dateModified":"2023-05-26T12:44:07+00:00","description":"L\u2019engagement, c\u2019est quoi ? On parle d\u2019engagement lorsqu\u2019un internaute montre de l\u2019int\u00e9r\u00eat pour la marque. Celui-ci peut prendre plusieurs formes du simple like au r\u00f4le d\u2019ambassadeur. Plus ton engagement sera fort, plus le fan sera impliqu\u00e9.","breadcrumb":{"@id":"http:\/\/uraevents.com\/en\/ameliore-lengagement-de-ta-marque\/#breadcrumb"},"inLanguage":"en-US","potentialAction":[{"@type":"ReadAction","target":["http:\/\/uraevents.com\/en\/ameliore-lengagement-de-ta-marque\/"]}]},{"@type":"BreadcrumbList","@id":"http:\/\/uraevents.com\/en\/ameliore-lengagement-de-ta-marque\/#breadcrumb","itemListElement":[{"@type":"ListItem","position":1,"name":"Accueil","item":"http:\/\/uraevents.com\/"},{"@type":"ListItem","position":2,"name":"Am\u00e9liore l&rsquo;engagement de ta marque"}]},{"@type":"WebSite","@id":"http:\/\/uraevents.com\/#website","url":"http:\/\/uraevents.com\/","name":"URAEVENTS","description":"","potentialAction":[{"@type":"SearchAction","target":{"@type":"EntryPoint","urlTemplate":"http:\/\/uraevents.com\/?s={search_term_string}"},"query-input":"required name=search_term_string"}],"inLanguage":"en-US"}]}},"_links":{"self":[{"href":"https:\/\/uraevents.com\/en\/wp-json\/wp\/v2\/pages\/34074","targetHints":{"allow":["GET"]}}],"collection":[{"href":"https:\/\/uraevents.com\/en\/wp-json\/wp\/v2\/pages"}],"about":[{"href":"https:\/\/uraevents.com\/en\/wp-json\/wp\/v2\/types\/page"}],"author":[{"embeddable":true,"href":"https:\/\/uraevents.com\/en\/wp-json\/wp\/v2\/users\/1"}],"replies":[{"embeddable":true,"href":"https:\/\/uraevents.com\/en\/wp-json\/wp\/v2\/comments?post=34074"}],"version-history":[{"count":20,"href":"https:\/\/uraevents.com\/en\/wp-json\/wp\/v2\/pages\/34074\/revisions"}],"predecessor-version":[{"id":34280,"href":"https:\/\/uraevents.com\/en\/wp-json\/wp\/v2\/pages\/34074\/revisions\/34280"}],"wp:attachment":[{"href":"https:\/\/uraevents.com\/en\/wp-json\/wp\/v2\/media?parent=34074"}],"curies":[{"name":"wp","href":"https:\/\/api.w.org\/{rel}","templated":true}]}}