{"id":34072,"date":"2023-01-12T12:08:59","date_gmt":"2023-01-12T11:08:59","guid":{"rendered":"https:\/\/uraevents.com\/?page_id=34072"},"modified":"2023-05-26T14:58:40","modified_gmt":"2023-05-26T12:58:40","slug":"les-7-outils-pour-la-creation-de-contenu","status":"publish","type":"page","link":"https:\/\/uraevents.com\/en\/les-7-outils-pour-la-creation-de-contenu\/","title":{"rendered":"Les 7 outils pour la cr\u00e9ation de contenu"},"content":{"rendered":"<p>[et_pb_section fb_built=\u00a0\u00bb1&Prime; _builder_version=\u00a0\u00bb4.19.2&Prime; _module_preset=\u00a0\u00bbdefault\u00a0\u00bb da_disable_devices=\u00a0\u00bboff|off|off\u00a0\u00bb global_colors_info=\u00a0\u00bb{}\u00a0\u00bb da_is_popup=\u00a0\u00bboff\u00a0\u00bb da_exit_intent=\u00a0\u00bboff\u00a0\u00bb da_has_close=\u00a0\u00bbon\u00a0\u00bb da_alt_close=\u00a0\u00bboff\u00a0\u00bb da_dark_close=\u00a0\u00bboff\u00a0\u00bb da_not_modal=\u00a0\u00bbon\u00a0\u00bb da_is_singular=\u00a0\u00bboff\u00a0\u00bb da_with_loader=\u00a0\u00bboff\u00a0\u00bb da_has_shadow=\u00a0\u00bbon\u00a0\u00bb][et_pb_row _builder_version=\u00a0\u00bb4.19.2&Prime; _module_preset=\u00a0\u00bbdefault\u00a0\u00bb global_colors_info=\u00a0\u00bb{}\u00a0\u00bb][et_pb_column type=\u00a0\u00bb4_4&Prime; _builder_version=\u00a0\u00bb4.19.2&Prime; _module_preset=\u00a0\u00bbdefault\u00a0\u00bb global_colors_info=\u00a0\u00bb{}\u00a0\u00bb][et_pb_text _builder_version=\u00a0\u00bb4.19.2&Prime; _module_preset=\u00a0\u00bbdefault\u00a0\u00bb text_font=\u00a0\u00bbTAN BUSTER||||||||\u00a0\u00bb text_text_color=\u00a0\u00bb#0a0a0a\u00a0\u00bb text_font_size=\u00a0\u00bb30px\u00a0\u00bb text_line_height=\u00a0\u00bb1.6em\u00a0\u00bb width=\u00a0\u00bb100%\u00a0\u00bb hover_enabled=\u00a0\u00bb0&Prime; text_font_size_tablet=\u00a0\u00bb35px\u00a0\u00bb text_font_size_phone=\u00a0\u00bb25px\u00a0\u00bb text_font_size_last_edited=\u00a0\u00bbon|phone\u00a0\u00bb text_orientation_tablet=\u00a0\u00bb\u00a0\u00bb text_orientation_phone=\u00a0\u00bbleft\u00a0\u00bb text_orientation_last_edited=\u00a0\u00bbon|phone\u00a0\u00bb global_colors_info=\u00a0\u00bb{}\u00a0\u00bb sticky_enabled=\u00a0\u00bb0&Prime; text_line_height_last_edited=\u00a0\u00bbon|phone\u00a0\u00bb text_line_height_phone=\u00a0\u00bb1.2em\u00a0\u00bb custom_margin=\u00a0\u00bb||||false|false\u00a0\u00bb custom_padding_last_edited=\u00a0\u00bboff|phone\u00a0\u00bb custom_margin_last_edited=\u00a0\u00bbon|phone\u00a0\u00bb custom_margin_phone=\u00a0\u00bb|-10px||-10px|false|false\u00a0\u00bb text_line_height_tablet=\u00a0\u00bb1.6em\u00a0\u00bb custom_margin_tablet=\u00a0\u00bb||||false|false\u00a0\u00bb]<\/p>\n<p><b>7 TOOLS FOR CONTENT CREATION<span class=\"Apple-converted-space\">\u00a0<\/span><\/b><\/p>\n<p>[\/et_pb_text][et_pb_text _builder_version=\u00a0\u00bb4.19.2&Prime; _module_preset=\u00a0\u00bbdefault\u00a0\u00bb text_font=\u00a0\u00bbTAN ANGLETON||||||||\u00a0\u00bb text_text_color=\u00a0\u00bb#878787&Prime; custom_margin_tablet=\u00a0\u00bb\u00a0\u00bb custom_margin_phone=\u00a0\u00bb|-10px||-10px|false|false\u00a0\u00bb custom_margin_last_edited=\u00a0\u00bbon|phone\u00a0\u00bb hover_enabled=\u00a0\u00bb0&Prime; text_font_size_tablet=\u00a0\u00bb\u00a0\u00bb text_font_size_phone=\u00a0\u00bb12px\u00a0\u00bb text_font_size_last_edited=\u00a0\u00bbon|phone\u00a0\u00bb global_colors_info=\u00a0\u00bb{}\u00a0\u00bb sticky_enabled=\u00a0\u00bb0&Prime; locked=\u00a0\u00bboff\u00a0\u00bb]<\/p>\n<p><span>par Ura Events l 05 D\u00e9cembre 2022 l TIPS<\/span><\/p>\n<p>[\/et_pb_text][et_pb_image src=\u00a0\u00bbhttps:\/\/uraevents.com\/wp-content\/uploads\/2023\/05\/IG-@paolalct-3.png\u00a0\u00bb title_text=\u00a0\u00bbpexels-vlada-karpovich-4050320&Prime; _builder_version=\u00a0\u00bb4.19.2&Prime; _module_preset=\u00a0\u00bbdefault\u00a0\u00bb custom_margin_tablet=\u00a0\u00bb\u00a0\u00bb custom_margin_phone=\u00a0\u00bb|-10px||-10px|false|false\u00a0\u00bb custom_margin_last_edited=\u00a0\u00bbon|phone\u00a0\u00bb hover_enabled=\u00a0\u00bb0&Prime; global_colors_info=\u00a0\u00bb{}\u00a0\u00bb sticky_enabled=\u00a0\u00bb0&Prime;][\/et_pb_image][\/et_pb_column][\/et_pb_row][et_pb_row _builder_version=\u00a0\u00bb4.19.2&Prime; _module_preset=\u00a0\u00bbdefault\u00a0\u00bb][et_pb_column _builder_version=\u00a0\u00bb4.19.2&Prime; _module_preset=\u00a0\u00bbdefault\u00a0\u00bb type=\u00a0\u00bb4_4&Prime;][et_pb_text _builder_version=\u00a0\u00bb4.19.2&Prime; _module_preset=\u00a0\u00bbdefault\u00a0\u00bb text_font=\u00a0\u00bbTAN ANGLETON||||||||\u00a0\u00bb text_text_color=\u00a0\u00bb#0a0a0a\u00a0\u00bb text_font_size=\u00a0\u00bb13px\u00a0\u00bb text_orientation=\u00a0\u00bbjustified\u00a0\u00bb custom_margin_tablet=\u00a0\u00bb\u00a0\u00bb custom_margin_phone=\u00a0\u00bb|-10px||-10px|false|false\u00a0\u00bb custom_margin_last_edited=\u00a0\u00bbon|phone\u00a0\u00bb global_colors_info=\u00a0\u00bb{}\u00a0\u00bb]<\/p>\n<p>In this article, discover the best tools to help you optimise your content creation.<\/p>\n<p>&nbsp;<\/p>\n<p><span style=\"text-decoration: underline;\"><span style=\"color: #000000; text-decoration: underline;\"><a href=\"https:\/\/www.canva.com\" style=\"color: #000000; text-decoration: underline;\"><b>CANVA<\/b><\/a> <\/span><\/span><b>:the grail! <\/b><\/p>\n<p>If you don't know it yet, here's a nugget for you. This tool allows you to produce any type of content: presentations, social media publications, videos, various media, diagrams, etc. Thanks to this software, you can produce quality, aesthetic and original content in just a few clicks. It's super intuitive! And if you have the<span style=\"color: #000000;\">u <a href=\"comment-creer-le-kit-media-parfait\" style=\"color: #000000;\">l&rsquo;article \u00ab\u00a0comment cr\u00e9er le kit media parfait\u00a0\u00bb <\/a>you will be able to create your own media kit<\/span>with Canva! Isn't life great?<span class=\"Apple-converted-space\">\u00a0<\/span><\/p>\n<p><span class=\"Apple-converted-space\"><\/span><\/p>\n<p><b>LINKR: gather your information in a single link!<span class=\"Apple-converted-space\">\u00a0<\/span><\/b><\/p>\n<p>This handy tool will allow you to group all your content into a single link. You can then insert this link directly into your Instagram biography.<span class=\"Apple-converted-space\">\u00a0 <\/span>A tool that will make you known faster!<span class=\"Apple-converted-space\">\u00a0<\/span><\/p>\n<p><span class=\"Apple-converted-space\"><\/span><\/p>\n<p><span style=\"text-decoration: underline;\"><span style=\"color: #0c0c0c;\"><a href=\"https:\/\/signup.hootsuite.com\/paid-search_ss_emea_row_en_eur_branded\/?&amp;utm_campaign=all-alwayson-none-emea-none-new--pua--en--&amp;utm_source=google&amp;utm_medium=cpc&amp;utm_content=&amp;gclid=Cj0KCQiA_P6dBhD1ARIsAAGI7HBRpRATf_Qx7B28lxfJJaK_NlnyTxUFZ7NUoLjbs_RSXyRBgdLAfyMaArkvEALw_wcB\" style=\"color: #0c0c0c;\"><b>HOOTSUITE<\/b><\/a><\/span><\/span><b> : Anticipation is the key to success!<\/b><\/p>\n<p>The Hootsuite tool allows you to schedule all your posts in advance, easily reply to your posts from one place and even analyse your engagement! A little gem that will revolutionize your organization.<span class=\"Apple-converted-space\">\u00a0<\/span><\/p>\n<p><span class=\"Apple-converted-space\"><\/span><\/p>\n<p><b>SNAPSPEED: the tool that enhances your photos!<\/b><\/p>\n<p>It is <b>THE<\/b> most complete software for retouching all types of photos with a professional quality. The program includes a number of features: smoothing imperfections, modifying colours, eliminating the background, applying filters, making montages, and many others!<span class=\"Apple-converted-space\">\u00a0<\/span><\/p>\n<p><b><\/b><\/p>\n<p><b>TAGOMATIC : the tool to find the perfect # !<\/b><\/p>\n<p>Too long to find the best hashtags for your publications? Tagomatic does it for you! It suggests you a complete list of hashtags for your contents in only a few seconds. It also allows you to identify the hashtags related to the ones you use. You'll be able to find your way around more easily and thus increase your engagement. Not bad, right?<span class=\"Apple-converted-space\">\u00a0<\/span><\/p>\n<p><b><\/b><\/p>\n<p><b>PREVIEW : harmonisez votre flux Instagram !<\/b><\/p>\n<p>Preview makes your life easier. Why? It gives you an overview of your posts, you can upload your photos and content in advance, organize it, and use one filter for your entire feed.<span class=\"Apple-converted-space\">\u00a0<\/span><\/p>\n<p><b><\/b><\/p>\n<p><b>CAPCUT: the perfect tool for your videos!<span class=\"Apple-converted-space\">\u00a0<\/span><\/b><\/p>\n<p>Capcut allows you to easily and intuitively edit your video creations. You can edit, cut, clone, add filters, text and subtitles. Super practical!<span class=\"Apple-converted-space\">\u00a0<\/span><\/p>\n<p><span class=\"Apple-converted-space\"><\/span><\/p>\n<p style=\"text-align: left;\">I hope this article has been useful to you, see you soon for more tips!<\/p>\n<p style=\"text-align: left;\">\n<p style=\"text-align: left;\">The Ura team<span class=\"Apple-converted-space\">\u00a0<\/span><\/p>\n<p>[\/et_pb_text][\/et_pb_column][\/et_pb_row][\/et_pb_section]<\/p>","protected":false},"excerpt":{"rendered":"<p>LES 7 OUTILS POUR LA CR\u00c9ATION DE CONTENU\u00a0par Ura Events l 05 D\u00e9cembre 2022 l TIPSDans cet article, d\u00e9couvrez les meilleurs outils qui vous aideront \u00e0 optimiser votre cr\u00e9ation de contenu. &nbsp; CANVA : le graal ! Si tu ne connais pas encore, je te pr\u00e9sente une p\u00e9pite. Cet outil te permet de produire tout [&hellip;]<\/p>","protected":false},"author":1,"featured_media":0,"parent":0,"menu_order":0,"comment_status":"closed","ping_status":"closed","template":"","meta":{"_et_pb_use_builder":"on","_et_pb_old_content":"","_et_gb_content_width":"","footnotes":""},"class_list":["post-34072","page","type-page","status-publish","hentry"],"yoast_head":"<!-- This site is optimized with the Yoast SEO plugin v20.9 - https:\/\/yoast.com\/wordpress\/plugins\/seo\/ -->\n<title>Les 7 outils pour la cr\u00e9ation de contenu<\/title>\n<meta name=\"description\" content=\"Dans cet article, d\u00e9couvrez les meilleurs outils qui vous aideront \u00e0 optimiser votre cr\u00e9ation de contenu.\" \/>\n<meta name=\"robots\" content=\"index, follow, max-snippet:-1, max-image-preview:large, max-video-preview:-1\" \/>\n<link rel=\"canonical\" href=\"https:\/\/uraevents.com\/en\/les-7-outils-pour-la-creation-de-contenu\/\" \/>\n<meta property=\"og:locale\" content=\"en_US\" \/>\n<meta property=\"og:type\" content=\"article\" \/>\n<meta property=\"og:title\" content=\"Les 7 outils pour la cr\u00e9ation de contenu\" \/>\n<meta property=\"og:description\" content=\"Dans cet article, d\u00e9couvrez les meilleurs outils qui vous aideront \u00e0 optimiser votre cr\u00e9ation de contenu.\" \/>\n<meta property=\"og:url\" content=\"https:\/\/uraevents.com\/en\/les-7-outils-pour-la-creation-de-contenu\/\" \/>\n<meta property=\"og:site_name\" content=\"URAEVENTS\" \/>\n<meta property=\"article:modified_time\" content=\"2023-05-26T12:58:40+00:00\" \/>\n<meta name=\"twitter:card\" content=\"summary_large_image\" \/>\n<meta name=\"twitter:label1\" content=\"Est. reading time\" \/>\n\t<meta name=\"twitter:data1\" content=\"3 minutes\" \/>\n<script type=\"application\/ld+json\" class=\"yoast-schema-graph\">{\"@context\":\"https:\/\/schema.org\",\"@graph\":[{\"@type\":\"WebPage\",\"@id\":\"https:\/\/uraevents.com\/en\/les-7-outils-pour-la-creation-de-contenu\/\",\"url\":\"https:\/\/uraevents.com\/en\/les-7-outils-pour-la-creation-de-contenu\/\",\"name\":\"Les 7 outils pour la cr\u00e9ation de contenu\",\"isPartOf\":{\"@id\":\"http:\/\/uraevents.com\/#website\"},\"datePublished\":\"2023-01-12T11:08:59+00:00\",\"dateModified\":\"2023-05-26T12:58:40+00:00\",\"description\":\"Dans cet article, d\u00e9couvrez les meilleurs outils qui vous aideront \u00e0 optimiser votre cr\u00e9ation de contenu.\",\"breadcrumb\":{\"@id\":\"https:\/\/uraevents.com\/en\/les-7-outils-pour-la-creation-de-contenu\/#breadcrumb\"},\"inLanguage\":\"en-US\",\"potentialAction\":[{\"@type\":\"ReadAction\",\"target\":[\"https:\/\/uraevents.com\/en\/les-7-outils-pour-la-creation-de-contenu\/\"]}]},{\"@type\":\"BreadcrumbList\",\"@id\":\"https:\/\/uraevents.com\/en\/les-7-outils-pour-la-creation-de-contenu\/#breadcrumb\",\"itemListElement\":[{\"@type\":\"ListItem\",\"position\":1,\"name\":\"Accueil\",\"item\":\"http:\/\/uraevents.com\/\"},{\"@type\":\"ListItem\",\"position\":2,\"name\":\"Les 7 outils pour la cr\u00e9ation de contenu\"}]},{\"@type\":\"WebSite\",\"@id\":\"http:\/\/uraevents.com\/#website\",\"url\":\"http:\/\/uraevents.com\/\",\"name\":\"URAEVENTS\",\"description\":\"\",\"potentialAction\":[{\"@type\":\"SearchAction\",\"target\":{\"@type\":\"EntryPoint\",\"urlTemplate\":\"http:\/\/uraevents.com\/?s={search_term_string}\"},\"query-input\":\"required name=search_term_string\"}],\"inLanguage\":\"en-US\"}]}<\/script>\n<!-- \/ Yoast SEO plugin. -->","yoast_head_json":{"title":"Les 7 outils pour la cr\u00e9ation de contenu","description":"Dans cet article, d\u00e9couvrez les meilleurs outils qui vous aideront \u00e0 optimiser votre cr\u00e9ation de contenu.","robots":{"index":"index","follow":"follow","max-snippet":"max-snippet:-1","max-image-preview":"max-image-preview:large","max-video-preview":"max-video-preview:-1"},"canonical":"https:\/\/uraevents.com\/en\/les-7-outils-pour-la-creation-de-contenu\/","og_locale":"en_US","og_type":"article","og_title":"Les 7 outils pour la cr\u00e9ation de contenu","og_description":"Dans cet article, d\u00e9couvrez les meilleurs outils qui vous aideront \u00e0 optimiser votre cr\u00e9ation de contenu.","og_url":"https:\/\/uraevents.com\/en\/les-7-outils-pour-la-creation-de-contenu\/","og_site_name":"URAEVENTS","article_modified_time":"2023-05-26T12:58:40+00:00","twitter_card":"summary_large_image","twitter_misc":{"Est. reading time":"3 minutes"},"schema":{"@context":"https:\/\/schema.org","@graph":[{"@type":"WebPage","@id":"https:\/\/uraevents.com\/en\/les-7-outils-pour-la-creation-de-contenu\/","url":"https:\/\/uraevents.com\/en\/les-7-outils-pour-la-creation-de-contenu\/","name":"Les 7 outils pour la cr\u00e9ation de contenu","isPartOf":{"@id":"http:\/\/uraevents.com\/#website"},"datePublished":"2023-01-12T11:08:59+00:00","dateModified":"2023-05-26T12:58:40+00:00","description":"Dans cet article, d\u00e9couvrez les meilleurs outils qui vous aideront \u00e0 optimiser votre cr\u00e9ation de contenu.","breadcrumb":{"@id":"https:\/\/uraevents.com\/en\/les-7-outils-pour-la-creation-de-contenu\/#breadcrumb"},"inLanguage":"en-US","potentialAction":[{"@type":"ReadAction","target":["https:\/\/uraevents.com\/en\/les-7-outils-pour-la-creation-de-contenu\/"]}]},{"@type":"BreadcrumbList","@id":"https:\/\/uraevents.com\/en\/les-7-outils-pour-la-creation-de-contenu\/#breadcrumb","itemListElement":[{"@type":"ListItem","position":1,"name":"Accueil","item":"http:\/\/uraevents.com\/"},{"@type":"ListItem","position":2,"name":"Les 7 outils pour la cr\u00e9ation de contenu"}]},{"@type":"WebSite","@id":"http:\/\/uraevents.com\/#website","url":"http:\/\/uraevents.com\/","name":"URAEVENTS","description":"","potentialAction":[{"@type":"SearchAction","target":{"@type":"EntryPoint","urlTemplate":"http:\/\/uraevents.com\/?s={search_term_string}"},"query-input":"required name=search_term_string"}],"inLanguage":"en-US"}]}},"_links":{"self":[{"href":"https:\/\/uraevents.com\/en\/wp-json\/wp\/v2\/pages\/34072","targetHints":{"allow":["GET"]}}],"collection":[{"href":"https:\/\/uraevents.com\/en\/wp-json\/wp\/v2\/pages"}],"about":[{"href":"https:\/\/uraevents.com\/en\/wp-json\/wp\/v2\/types\/page"}],"author":[{"embeddable":true,"href":"https:\/\/uraevents.com\/en\/wp-json\/wp\/v2\/users\/1"}],"replies":[{"embeddable":true,"href":"https:\/\/uraevents.com\/en\/wp-json\/wp\/v2\/comments?post=34072"}],"version-history":[{"count":22,"href":"https:\/\/uraevents.com\/en\/wp-json\/wp\/v2\/pages\/34072\/revisions"}],"predecessor-version":[{"id":34292,"href":"https:\/\/uraevents.com\/en\/wp-json\/wp\/v2\/pages\/34072\/revisions\/34292"}],"wp:attachment":[{"href":"https:\/\/uraevents.com\/en\/wp-json\/wp\/v2\/media?parent=34072"}],"curies":[{"name":"wp","href":"https:\/\/api.w.org\/{rel}","templated":true}]}}